{"id":18838,"date":"2025-09-06T22:22:25","date_gmt":"2025-09-06T20:22:25","guid":{"rendered":"https:\/\/www.kgkgolf.dk\/?page_id=18838"},"modified":"2025-09-06T22:24:03","modified_gmt":"2025-09-06T20:24:03","slug":"results-2-sept-2025","status":"publish","type":"page","link":"https:\/\/www.kgkgolf.dk\/en\/resultater-2-sept-2025\/","title":{"rendered":"Results 2 Sept 2025"},"content":{"rendered":"<p><strong>Results 2 Sept. <\/strong>The first Tuesday in September is traditionally excursion day. For over 30 years we have visited golf clubs around Zealand and then in Sk\u00e5ne. The last few years the trip has been to Ljunghusen \u2013 30 min. south of Malm\u00f6. It is KGK&#039;s friendship club and the price of green fees is affordable.<br>Unfortunately, only 21 of us went this year. So we are considering whether to cancel the trip altogether in the future.<br>Those of us who had signed up had a really good day and only got a little rain on the last 2 holes.<br>There were also great scores: The B-row was won by Maria Gad = Do Do with 45 points. Big congratulations on the new handicap.<\/p>\n\n\n\n<p>At home in KGK there were 8 who played 18 holes stableford and 22 who played in the 9-hole round. Of course there is a prize for that round.<br>And it is a deserved one as Beritt Skeel-Gj\u00f8ring got 23 points. In 2nd place with 19 points came Vibeke Byrch Pedersen and Mette Dam.<\/p>\n\n\n\n<p>The next 3 Tuesdays we will play stableford in all ranks. On the last Tuesday \u2013 30 Sept. \u2013 there will be a prize for the player who uses the fewest puts in each rank.<\/p>\n\n\n\n<p><\/p>","protected":false},"excerpt":{"rendered":"<p>Resultater 2. sept. Den f\u00f8rste tirsdag i september er traditionen tro udflugtsdag. I over 30 \u00e5r har vi bes\u00f8gt golfklubber rundt om p\u00e5 Sj\u00e6lland og siden i Sk\u00e5ne. De sidste par \u00e5r har turen g\u00e5et til Ljunghusen &#8211; 30 min. syd for Malm\u00f8. Det er KGK\u2019s venskabsklub og prisen p\u00e5 greenfee overkommelig.Desv\u00e6rre var vi kun [&hellip;]<\/p>\n","protected":false},"author":2,"featured_media":18837,"parent":0,"menu_order":0,"comment_status":"closed","ping_status":"closed","template":"","meta":{"_acf_changed":false,"footnotes":""},"class_list":["post-18838","page","type-page","status-publish","has-post-thumbnail","hentry"],"acf":[],"yoast_head":"<!-- This site is optimized with the Yoast SEO plugin v27.1.1 - https:\/\/yoast.com\/product\/yoast-seo-wordpress\/ -->\n<title>Resultater 2. sept 2025 - K\u00f8benhavns Golf Klub<\/title>\n<meta name=\"robots\" content=\"index, follow, max-snippet:-1, max-image-preview:large, max-video-preview:-1\" \/>\n<link rel=\"canonical\" href=\"https:\/\/www.kgkgolf.dk\/en\/results-2-sept-2025\/\" \/>\n<meta property=\"og:locale\" content=\"en_GB\" \/>\n<meta property=\"og:type\" content=\"article\" \/>\n<meta property=\"og:title\" content=\"Resultater 2. sept 2025 - K\u00f8benhavns Golf Klub\" \/>\n<meta property=\"og:description\" content=\"Resultater 2. sept. Den f\u00f8rste tirsdag i september er traditionen tro udflugtsdag. I over 30 \u00e5r har vi bes\u00f8gt golfklubber rundt om p\u00e5 Sj\u00e6lland og siden i Sk\u00e5ne. De sidste par \u00e5r har turen g\u00e5et til Ljunghusen &#8211; 30 min. syd for Malm\u00f8. Det er KGK\u2019s venskabsklub og prisen p\u00e5 greenfee overkommelig.Desv\u00e6rre var vi kun [&hellip;]\" \/>\n<meta property=\"og:url\" content=\"https:\/\/www.kgkgolf.dk\/en\/results-2-sept-2025\/\" \/>\n<meta property=\"og:site_name\" content=\"K\u00f8benhavns Golf Klub\" \/>\n<meta property=\"article:modified_time\" content=\"2025-09-06T20:24:03+00:00\" \/>\n<meta property=\"og:image\" content=\"https:\/\/www.kgkgolf.dk\/wp-content\/uploads\/2025\/09\/IMG_7875.jpg\" \/>\n\t<meta property=\"og:image:width\" content=\"1600\" \/>\n\t<meta property=\"og:image:height\" content=\"870\" \/>\n\t<meta property=\"og:image:type\" content=\"image\/jpeg\" \/>\n<meta name=\"twitter:card\" content=\"summary_large_image\" \/>\n<meta name=\"twitter:label1\" content=\"Estimated reading time\" \/>\n\t<meta name=\"twitter:data1\" content=\"2 minutes\" \/>\n<script type=\"application\/ld+json\" class=\"yoast-schema-graph\">{\"@context\":\"https:\/\/schema.org\",\"@graph\":[{\"@type\":\"WebPage\",\"@id\":\"https:\/\/www.kgkgolf.dk\/resultater-2-sept-2025\/\",\"url\":\"https:\/\/www.kgkgolf.dk\/resultater-2-sept-2025\/\",\"name\":\"Resultater 2. sept 2025 - K\u00f8benhavns Golf Klub\",\"isPartOf\":{\"@id\":\"https:\/\/www.kgkgolf.dk\/#website\"},\"primaryImageOfPage\":{\"@id\":\"https:\/\/www.kgkgolf.dk\/resultater-2-sept-2025\/#primaryimage\"},\"image\":{\"@id\":\"https:\/\/www.kgkgolf.dk\/resultater-2-sept-2025\/#primaryimage\"},\"thumbnailUrl\":\"https:\/\/www.kgkgolf.dk\/wp-content\/uploads\/2025\/09\/IMG_7875.jpg\",\"datePublished\":\"2025-09-06T20:22:25+00:00\",\"dateModified\":\"2025-09-06T20:24:03+00:00\",\"breadcrumb\":{\"@id\":\"https:\/\/www.kgkgolf.dk\/resultater-2-sept-2025\/#breadcrumb\"},\"inLanguage\":\"en-GB\",\"potentialAction\":[{\"@type\":\"ReadAction\",\"target\":[\"https:\/\/www.kgkgolf.dk\/resultater-2-sept-2025\/\"]}]},{\"@type\":\"ImageObject\",\"inLanguage\":\"en-GB\",\"@id\":\"https:\/\/www.kgkgolf.dk\/resultater-2-sept-2025\/#primaryimage\",\"url\":\"https:\/\/www.kgkgolf.dk\/wp-content\/uploads\/2025\/09\/IMG_7875.jpg\",\"contentUrl\":\"https:\/\/www.kgkgolf.dk\/wp-content\/uploads\/2025\/09\/IMG_7875.jpg\",\"width\":1600,\"height\":870},{\"@type\":\"BreadcrumbList\",\"@id\":\"https:\/\/www.kgkgolf.dk\/resultater-2-sept-2025\/#breadcrumb\",\"itemListElement\":[{\"@type\":\"ListItem\",\"position\":1,\"name\":\"Hjem\",\"item\":\"https:\/\/www.kgkgolf.dk\/\"},{\"@type\":\"ListItem\",\"position\":2,\"name\":\"Resultater 2. sept 2025\"}]},{\"@type\":\"WebSite\",\"@id\":\"https:\/\/www.kgkgolf.dk\/#website\",\"url\":\"https:\/\/www.kgkgolf.dk\/\",\"name\":\"K\u00f8benhavns Golf Klub\",\"description\":\"Skandinaviens f\u00f8rste golfklub\",\"publisher\":{\"@id\":\"https:\/\/www.kgkgolf.dk\/#organization\"},\"alternateName\":\"KGK\",\"potentialAction\":[{\"@type\":\"SearchAction\",\"target\":{\"@type\":\"EntryPoint\",\"urlTemplate\":\"https:\/\/www.kgkgolf.dk\/?s={search_term_string}\"},\"query-input\":{\"@type\":\"PropertyValueSpecification\",\"valueRequired\":true,\"valueName\":\"search_term_string\"}}],\"inLanguage\":\"en-GB\"},{\"@type\":\"Organization\",\"@id\":\"https:\/\/www.kgkgolf.dk\/#organization\",\"name\":\"K\u00f8benhavns Golf Klub\",\"alternateName\":\"KGK\",\"url\":\"https:\/\/www.kgkgolf.dk\/\",\"logo\":{\"@type\":\"ImageObject\",\"inLanguage\":\"en-GB\",\"@id\":\"https:\/\/www.kgkgolf.dk\/#\/schema\/logo\/image\/\",\"url\":\"https:\/\/www.kgkgolf.dk\/wp-content\/uploads\/2017\/04\/kgk-logo.png\",\"contentUrl\":\"https:\/\/www.kgkgolf.dk\/wp-content\/uploads\/2017\/04\/kgk-logo.png\",\"width\":260,\"height\":262,\"caption\":\"K\u00f8benhavns Golf Klub\"},\"image\":{\"@id\":\"https:\/\/www.kgkgolf.dk\/#\/schema\/logo\/image\/\"}}]}<\/script>\n<!-- \/ Yoast SEO plugin. -->","yoast_head_json":{"title":"Results 2 Sept 2025 - Copenhagen Golf Club","robots":{"index":"index","follow":"follow","max-snippet":"max-snippet:-1","max-image-preview":"max-image-preview:large","max-video-preview":"max-video-preview:-1"},"canonical":"https:\/\/www.kgkgolf.dk\/en\/results-2-sept-2025\/","og_locale":"en_GB","og_type":"article","og_title":"Resultater 2. sept 2025 - K\u00f8benhavns Golf Klub","og_description":"Resultater 2. sept. Den f\u00f8rste tirsdag i september er traditionen tro udflugtsdag. I over 30 \u00e5r har vi bes\u00f8gt golfklubber rundt om p\u00e5 Sj\u00e6lland og siden i Sk\u00e5ne. De sidste par \u00e5r har turen g\u00e5et til Ljunghusen &#8211; 30 min. syd for Malm\u00f8. Det er KGK\u2019s venskabsklub og prisen p\u00e5 greenfee overkommelig.Desv\u00e6rre var vi kun [&hellip;]","og_url":"https:\/\/www.kgkgolf.dk\/en\/results-2-sept-2025\/","og_site_name":"K\u00f8benhavns Golf Klub","article_modified_time":"2025-09-06T20:24:03+00:00","og_image":[{"width":1600,"height":870,"url":"https:\/\/www.kgkgolf.dk\/wp-content\/uploads\/2025\/09\/IMG_7875.jpg","type":"image\/jpeg"}],"twitter_card":"summary_large_image","twitter_misc":{"Estimated reading time":"2 minutes"},"schema":{"@context":"https:\/\/schema.org","@graph":[{"@type":"WebPage","@id":"https:\/\/www.kgkgolf.dk\/resultater-2-sept-2025\/","url":"https:\/\/www.kgkgolf.dk\/resultater-2-sept-2025\/","name":"Results 2 Sept 2025 - Copenhagen Golf Club","isPartOf":{"@id":"https:\/\/www.kgkgolf.dk\/#website"},"primaryImageOfPage":{"@id":"https:\/\/www.kgkgolf.dk\/resultater-2-sept-2025\/#primaryimage"},"image":{"@id":"https:\/\/www.kgkgolf.dk\/resultater-2-sept-2025\/#primaryimage"},"thumbnailUrl":"https:\/\/www.kgkgolf.dk\/wp-content\/uploads\/2025\/09\/IMG_7875.jpg","datePublished":"2025-09-06T20:22:25+00:00","dateModified":"2025-09-06T20:24:03+00:00","breadcrumb":{"@id":"https:\/\/www.kgkgolf.dk\/resultater-2-sept-2025\/#breadcrumb"},"inLanguage":"en-GB","potentialAction":[{"@type":"ReadAction","target":["https:\/\/www.kgkgolf.dk\/resultater-2-sept-2025\/"]}]},{"@type":"ImageObject","inLanguage":"en-GB","@id":"https:\/\/www.kgkgolf.dk\/resultater-2-sept-2025\/#primaryimage","url":"https:\/\/www.kgkgolf.dk\/wp-content\/uploads\/2025\/09\/IMG_7875.jpg","contentUrl":"https:\/\/www.kgkgolf.dk\/wp-content\/uploads\/2025\/09\/IMG_7875.jpg","width":1600,"height":870},{"@type":"BreadcrumbList","@id":"https:\/\/www.kgkgolf.dk\/resultater-2-sept-2025\/#breadcrumb","itemListElement":[{"@type":"ListItem","position":1,"name":"Hjem","item":"https:\/\/www.kgkgolf.dk\/"},{"@type":"ListItem","position":2,"name":"Resultater 2. sept 2025"}]},{"@type":"WebSite","@id":"https:\/\/www.kgkgolf.dk\/#website","url":"https:\/\/www.kgkgolf.dk\/","name":"Copenhagen Golf Club","description":"Scandinavia&#039;s first golf club","publisher":{"@id":"https:\/\/www.kgkgolf.dk\/#organization"},"alternateName":"KGK","potentialAction":[{"@type":"SearchAction","target":{"@type":"EntryPoint","urlTemplate":"https:\/\/www.kgkgolf.dk\/?s={search_term_string}"},"query-input":{"@type":"PropertyValueSpecification","valueRequired":true,"valueName":"search_term_string"}}],"inLanguage":"en-GB"},{"@type":"Organization","@id":"https:\/\/www.kgkgolf.dk\/#organization","name":"Copenhagen Golf Club","alternateName":"KGK","url":"https:\/\/www.kgkgolf.dk\/","logo":{"@type":"ImageObject","inLanguage":"en-GB","@id":"https:\/\/www.kgkgolf.dk\/#\/schema\/logo\/image\/","url":"https:\/\/www.kgkgolf.dk\/wp-content\/uploads\/2017\/04\/kgk-logo.png","contentUrl":"https:\/\/www.kgkgolf.dk\/wp-content\/uploads\/2017\/04\/kgk-logo.png","width":260,"height":262,"caption":"K\u00f8benhavns Golf Klub"},"image":{"@id":"https:\/\/www.kgkgolf.dk\/#\/schema\/logo\/image\/"}}]}},"_links":{"self":[{"href":"https:\/\/www.kgkgolf.dk\/en\/wp-json\/wp\/v2\/pages\/18838","targetHints":{"allow":["GET"]}}],"collection":[{"href":"https:\/\/www.kgkgolf.dk\/en\/wp-json\/wp\/v2\/pages"}],"about":[{"href":"https:\/\/www.kgkgolf.dk\/en\/wp-json\/wp\/v2\/types\/page"}],"author":[{"embeddable":true,"href":"https:\/\/www.kgkgolf.dk\/en\/wp-json\/wp\/v2\/users\/2"}],"replies":[{"embeddable":true,"href":"https:\/\/www.kgkgolf.dk\/en\/wp-json\/wp\/v2\/comments?post=18838"}],"version-history":[{"count":4,"href":"https:\/\/www.kgkgolf.dk\/en\/wp-json\/wp\/v2\/pages\/18838\/revisions"}],"predecessor-version":[{"id":18842,"href":"https:\/\/www.kgkgolf.dk\/en\/wp-json\/wp\/v2\/pages\/18838\/revisions\/18842"}],"wp:featuredmedia":[{"embeddable":true,"href":"https:\/\/www.kgkgolf.dk\/en\/wp-json\/wp\/v2\/media\/18837"}],"wp:attachment":[{"href":"https:\/\/www.kgkgolf.dk\/en\/wp-json\/wp\/v2\/media?parent=18838"}],"curies":[{"name":"wp","href":"https:\/\/api.w.org\/{rel}","templated":true}]}}