{"id":32,"date":"2017-04-19T12:45:16","date_gmt":"2017-04-19T10:45:16","guid":{"rendered":"https:\/\/www.kgkgolf.dk\/?page_id=32"},"modified":"2025-04-29T13:29:42","modified_gmt":"2025-04-29T11:29:42","slug":"the-weekly-tournament-on-tuesday","status":"publish","type":"page","link":"https:\/\/www.kgkgolf.dk\/en\/ugeturneringen-tirsdag\/","title":{"rendered":"Weekly Tournament (Tuesday)"},"content":{"rendered":"<div data-elementor-type=\"wp-page\" data-elementor-id=\"32\" class=\"elementor elementor-32\" data-elementor-post-type=\"page\">\n\t\t\t\t<div class=\"elementor-element elementor-element-230ccc0 e-flex e-con-boxed e-con e-parent\" data-id=\"230ccc0\" data-element_type=\"container\" data-e-type=\"container\" data-settings=\"{&quot;background_background&quot;:&quot;classic&quot;}\">\n\t\t\t\t\t<div class=\"e-con-inner\">\n\t\t\t\t<div class=\"elementor-element elementor-element-0c51dcb elementor-widget elementor-widget-heading\" data-id=\"0c51dcb\" data-element_type=\"widget\" data-e-type=\"widget\" data-widget_type=\"heading.default\">\n\t\t\t\t<div class=\"elementor-widget-container\">\n\t\t\t\t\t<h1 class=\"elementor-heading-title elementor-size-default\">THE WEEKLY TOURNAMENT<\/h1>\t\t\t\t<\/div>\n\t\t\t\t<\/div>\n\t\t\t\t\t<\/div>\n\t\t\t\t<\/div>\n\t\t<div class=\"elementor-element elementor-element-a15e19c e-flex e-con-boxed e-con e-parent\" data-id=\"a15e19c\" data-element_type=\"container\" data-e-type=\"container\">\n\t\t\t\t\t<div class=\"e-con-inner\">\n\t\t\t\t<div class=\"elementor-element elementor-element-a348ec9 elementor-widget elementor-widget-menu-anchor\" data-id=\"a348ec9\" data-element_type=\"widget\" data-e-type=\"widget\" data-widget_type=\"menu-anchor.default\">\n\t\t\t\t<div class=\"elementor-widget-container\">\n\t\t\t\t\t\t\t<div class=\"elementor-menu-anchor\" id=\"kommiteen\"><\/div>\n\t\t\t\t\t\t<\/div>\n\t\t\t\t<\/div>\n\t\t\t\t<div class=\"elementor-element elementor-element-0cc5501 elementor-widget elementor-widget-menu-anchor\" data-id=\"0cc5501\" data-element_type=\"widget\" data-e-type=\"widget\" data-widget_type=\"menu-anchor.default\">\n\t\t\t\t<div class=\"elementor-widget-container\">\n\t\t\t\t\t\t\t<div class=\"elementor-menu-anchor\" id=\"opstart\"><\/div>\n\t\t\t\t\t\t<\/div>\n\t\t\t\t<\/div>\n\t\t\t\t<div class=\"elementor-element elementor-element-3a4dbf2 elementor-widget elementor-widget-heading\" data-id=\"3a4dbf2\" data-element_type=\"widget\" data-e-type=\"widget\" data-widget_type=\"heading.default\">\n\t\t\t\t<div class=\"elementor-widget-container\">\n\t\t\t\t\t<h2 class=\"elementor-heading-title elementor-size-default\">The weekly tournament \u2013 played since 1976<\/h2>\t\t\t\t<\/div>\n\t\t\t\t<\/div>\n\t\t\t\t<div class=\"elementor-element elementor-element-622c6ca elementor-widget elementor-widget-text-editor\" data-id=\"622c6ca\" data-element_type=\"widget\" data-e-type=\"widget\" data-widget_type=\"text-editor.default\">\n\t\t\t\t<div class=\"elementor-widget-container\">\n\t\t\t\t\t\t\t\t\t<p>Counting round every Tuesday.<br \/>The weekly tournament is for members who are 18 years of age or older on the day of the tournament.<\/p>\t\t\t\t\t\t\t\t<\/div>\n\t\t\t\t<\/div>\n\t\t\t\t<div class=\"elementor-element elementor-element-4b71d42 elementor-widget elementor-widget-spacer\" data-id=\"4b71d42\" data-element_type=\"widget\" data-e-type=\"widget\" data-widget_type=\"spacer.default\">\n\t\t\t\t<div class=\"elementor-widget-container\">\n\t\t\t\t\t\t\t<div class=\"elementor-spacer\">\n\t\t\t<div class=\"elementor-spacer-inner\"><\/div>\n\t\t<\/div>\n\t\t\t\t\t\t<\/div>\n\t\t\t\t<\/div>\n\t\t<div class=\"elementor-element elementor-element-b262293 e-con-full e-flex e-con e-child\" data-id=\"b262293\" data-element_type=\"container\" data-e-type=\"container\">\n\t\t<div class=\"elementor-element elementor-element-54d6c75 e-con-full e-flex e-con e-child\" data-id=\"54d6c75\" data-element_type=\"container\" data-e-type=\"container\">\n\t\t\t\t<div class=\"elementor-element elementor-element-a6574e8 elementor-widget elementor-widget-heading\" data-id=\"a6574e8\" data-element_type=\"widget\" data-e-type=\"widget\" data-widget_type=\"heading.default\">\n\t\t\t\t<div class=\"elementor-widget-container\">\n\t\t\t\t\t<h3 class=\"elementor-heading-title elementor-size-default\">Gambling handicap<\/h3>\t\t\t\t<\/div>\n\t\t\t\t<\/div>\n\t\t\t\t<div class=\"elementor-element elementor-element-81fba0e elementor-widget elementor-widget-text-editor\" data-id=\"81fba0e\" data-element_type=\"widget\" data-e-type=\"widget\" data-widget_type=\"text-editor.default\">\n\t\t\t\t<div class=\"elementor-widget-container\">\n\t\t\t\t\t\t\t\t\t<p>The game is played in two handicap ranges.<\/p><p>Men&#039;s \/ Women&#039;s Playing Handicap (SPH)<\/p><ul><li>A-row SPH max 16. Men from tee 57 &amp; Women from tee 49<\/li><li>B-row SPH 17-36. Men from 57 &amp; Women from tee 49<\/li><li>From the 2023 season, it is possible to freely choose which tee you want to play from \u2013 if you are 75 years old or will turn 75 this year.<br \/>This must be clearly stated on the scorecard upon submission.<\/li><\/ul><p><strong>Game format:\u00a0<\/strong>Stableford<\/p><p>The game will be played in three balls from 3:00 PM to 5:50 PM.<\/p>\t\t\t\t\t\t\t\t<\/div>\n\t\t\t\t<\/div>\n\t\t\t\t<div class=\"elementor-element elementor-element-3c706e3 elementor-widget elementor-widget-button\" data-id=\"3c706e3\" data-element_type=\"widget\" data-e-type=\"widget\" data-widget_type=\"button.default\">\n\t\t\t\t<div class=\"elementor-widget-container\">\n\t\t\t\t\t\t\t\t\t<div class=\"elementor-button-wrapper\">\n\t\t\t\t\t<a class=\"elementor-button elementor-button-link elementor-size-sm\" href=\"https:\/\/www.kgkgolf.dk\/wp-content\/uploads\/2019\/03\/almindelige-turneringsbetingelser-2019-ny-version.pdf\">\n\t\t\t\t\t\t<span class=\"elementor-button-content-wrapper\">\n\t\t\t\t\t\t\t\t\t<span class=\"elementor-button-text\">General tournament conditions<\/span>\n\t\t\t\t\t<\/span>\n\t\t\t\t\t<\/a>\n\t\t\t\t<\/div>\n\t\t\t\t\t\t\t\t<\/div>\n\t\t\t\t<\/div>\n\t\t\t\t<\/div>\n\t\t<div class=\"elementor-element elementor-element-d9a1d8c e-con-full e-flex e-con e-child\" data-id=\"d9a1d8c\" data-element_type=\"container\" data-e-type=\"container\">\n\t\t\t\t<div class=\"elementor-element elementor-element-efbeec1 elementor-widget elementor-widget-image\" data-id=\"efbeec1\" data-element_type=\"widget\" data-e-type=\"widget\" data-widget_type=\"image.default\">\n\t\t\t\t<div class=\"elementor-widget-container\">\n\t\t\t\t\t\t\t\t\t\t\t\t\t\t\t<img fetchpriority=\"high\" decoding=\"async\" width=\"1024\" height=\"1024\" src=\"https:\/\/www.kgkgolf.dk\/wp-content\/uploads\/2017\/04\/ugeturneringen-spillere-2-1024x1024.jpg\" class=\"attachment-large size-large wp-image-1409\" alt=\"the weekly tournament\" srcset=\"https:\/\/www.kgkgolf.dk\/wp-content\/uploads\/2017\/04\/ugeturneringen-spillere-2-1024x1024.jpg 1024w, https:\/\/www.kgkgolf.dk\/wp-content\/uploads\/2017\/04\/ugeturneringen-spillere-2-150x150.jpg 150w, https:\/\/www.kgkgolf.dk\/wp-content\/uploads\/2017\/04\/ugeturneringen-spillere-2-60x60.jpg 60w\" sizes=\"(max-width: 1024px) 100vw, 1024px\" \/>\t\t\t\t\t\t\t\t\t\t\t\t\t\t\t<\/div>\n\t\t\t\t<\/div>\n\t\t\t\t<\/div>\n\t\t\t\t<\/div>\n\t\t\t\t\t<\/div>\n\t\t\t\t<\/div>\n\t\t<div class=\"elementor-element elementor-element-8a187e1 e-flex e-con-boxed e-con e-parent\" data-id=\"8a187e1\" data-element_type=\"container\" data-e-type=\"container\" data-settings=\"{&quot;background_background&quot;:&quot;classic&quot;}\">\n\t\t\t\t\t<div class=\"e-con-inner\">\n\t\t\t\t<div class=\"elementor-element elementor-element-eab8bc1 elementor-widget elementor-widget-text-editor\" data-id=\"eab8bc1\" data-element_type=\"widget\" data-e-type=\"widget\" data-widget_type=\"text-editor.default\">\n\t\t\t\t<div class=\"elementor-widget-container\">\n\t\t\t\t\t\t\t\t\t<p><strong>Regarding registration and start times, the following should be noted:<\/strong><\/p><p>Questions about the Weekly Tournament can be directed to: <br \/>Ina Agerb\u00e6k 2212 19 26 or <a href=\"mailto:ina123@mail.dk\">ina123@mail.dk<\/a><\/p><p>The purpose of the weekly tournament is to give KGK senior members the opportunity to play a weekly counting round. Members must be 18 years of age on the day of the tournament.<\/p><p>The weekly tournament has been held since 1976 and is held every Tuesday from the last Tuesday in April until the first Tuesday in September.<\/p><p>Regarding registration and starting times, the following should be noted:<\/p><p>Times can be booked from 3:00 PM to 5:50 PM (only for participants in the weekly tournament). However, it is still possible to participate in the tournament if you play earlier in the day, before the ladies.<\/p><ul><li>A player can only register for their own team.<\/li><li>The tournament will be held from 1:00 PM \u2013 5:50 PM as three-ball.<\/li><li>Players in the Weekly Tournament may be transported during the scheduled round.<\/li><\/ul><p>Tournament fee DKK 200,- for the entire season and a payment option has been created in golfbox called<br \/>Payment for the Weekly Tournament.<br \/>Which is available during the month of March in GOLFBOX.<\/p><p>Registration\/appointment must be made exclusively via GOLFBOX (registration via the secretariat cannot take place!) NOTE: If you want to participate in the Weekly Tournament, an appointment can only be made in Golfbox after the tournament fee has been paid and it has been registered.<br \/>Regarding scorecards &amp; handicap regulation, it should be noted:<\/p><ul><li>That weekly tournaments will generally count<\/li><li>That all players must record their scores.<\/li><li>A score entry code will be sent to each participant.<\/li><li>All scores entered must be approved by the player&#039;s marker.<\/li><li>All scorecards must be delivered to the mailbox at the match venue, after which the entered scores will be checked by the tournament management.<\/li><li>Missing scores are recorded as NR.<\/li><\/ul><p>Every week there is a competition for a club cup for the winner in the A and B series. At the same time, points are given for the first three positions for an overall ranking for the entire season, where there is a competition for silver cups in both series (these silver cups are perpetually wandering).<br \/>There will also be the opportunity to participate in an eclectic for the two ranks throughout the season.<\/p><p>There must be a minimum of 4 players in the row for it to count towards the overall ranking.<br \/>The season ends with the Weekly Tournament Finale, which takes place at the end of September, where the season&#039;s winners are celebrated and club glasses - trophies - and gift certificates are awarded.<\/p><p>We wish everyone a good season.<\/p><p>Greetings from the Tournament Committee<\/p>\t\t\t\t\t\t\t\t<\/div>\n\t\t\t\t<\/div>\n\t\t\t\t\t<\/div>\n\t\t\t\t<\/div>\n\t\t<div class=\"elementor-element elementor-element-9f4faf1 e-flex e-con-boxed e-con e-parent\" data-id=\"9f4faf1\" data-element_type=\"container\" data-e-type=\"container\">\n\t\t\t\t\t<div class=\"e-con-inner\">\n\t\t\t\t<div class=\"elementor-element elementor-element-7a5ccc3 elementor-widget elementor-widget-heading\" data-id=\"7a5ccc3\" data-element_type=\"widget\" data-e-type=\"widget\" data-widget_type=\"heading.default\">\n\t\t\t\t<div class=\"elementor-widget-container\">\n\t\t\t\t\t<h2 class=\"elementor-heading-title elementor-size-default\">Disability regulation<\/h2>\t\t\t\t<\/div>\n\t\t\t\t<\/div>\n\t\t\t\t<div class=\"elementor-element elementor-element-4623ef4 elementor-widget elementor-widget-text-editor\" data-id=\"4623ef4\" data-element_type=\"widget\" data-e-type=\"widget\" data-widget_type=\"text-editor.default\">\n\t\t\t\t<div class=\"elementor-widget-container\">\n\t\t\t\t\t\t\t\t\t<p>Handicap adjustment is done via your own profile on Golfbox, where the date and course are specified, the score is entered and the marker is indicated. If this seems confusing, the scorecard can exceptionally be handed in at the office, or in the mailbox outside the tournament room in the club, where the cards will be adjusted when the time is convenient.<\/p><p>Questions regarding extraordinary regulation of disabilities \u2013 due to, for example, illness or long inactivity \u2013 should be addressed directly to the Chairman of the Disability Committee.<br \/>Ina Agerb\u00e6k by email.<\/p>\t\t\t\t\t\t\t\t<\/div>\n\t\t\t\t<\/div>\n\t\t\t\t\t<\/div>\n\t\t\t\t<\/div>\n\t\t\t\t<\/div>","protected":false},"excerpt":{"rendered":"<p>UGETURNERINGEN Ugeturneringen \u2013 spillet siden 1976 T\u00e6llende runde hver tirsdag.Ugeturneringen er for medlemmer der er p\u00e5 turneringsdagen er fyldt 18 \u00e5r. Spillehandicap Der spilles i to handicapr\u00e6kker. Herrer \/ Damer Spillehandicap (SPH) A-r\u00e6kken SPH max 16. Herrer fra tee 57 &amp; Damer fra tee 49 B-r\u00e6kken SPH 17-36.\u00a0 Herrer fra 57 &amp; Damer fra tee [&hellip;]<\/p>\n","protected":false},"author":9,"featured_media":8110,"parent":0,"menu_order":0,"comment_status":"closed","ping_status":"closed","template":"full-width.php","meta":{"_acf_changed":false,"footnotes":""},"class_list":["post-32","page","type-page","status-publish","has-post-thumbnail","hentry"],"acf":[],"yoast_head":"<!-- This site is optimized with the Yoast SEO plugin v27.1.1 - https:\/\/yoast.com\/product\/yoast-seo-wordpress\/ -->\n<title>Ugeturneringen er for medlemmer af K\u00f8benahvns Golf Klub<\/title>\n<meta name=\"robots\" content=\"index, follow, max-snippet:-1, max-image-preview:large, max-video-preview:-1\" \/>\n<link rel=\"canonical\" href=\"https:\/\/www.kgkgolf.dk\/en\/the-weekly-tournament-on-tuesday\/\" \/>\n<meta property=\"og:locale\" content=\"en_GB\" \/>\n<meta property=\"og:type\" content=\"article\" \/>\n<meta property=\"og:title\" content=\"Ugeturneringen er for medlemmer af K\u00f8benahvns Golf Klub\" \/>\n<meta property=\"og:description\" content=\"UGETURNERINGEN Ugeturneringen \u2013 spillet siden 1976 T\u00e6llende runde hver tirsdag.Ugeturneringen er for medlemmer der er p\u00e5 turneringsdagen er fyldt 18 \u00e5r. Spillehandicap Der spilles i to handicapr\u00e6kker. Herrer \/ Damer Spillehandicap (SPH) A-r\u00e6kken SPH max 16. Herrer fra tee 57 &amp; Damer fra tee 49 B-r\u00e6kken SPH 17-36.\u00a0 Herrer fra 57 &amp; Damer fra tee [&hellip;]\" \/>\n<meta property=\"og:url\" content=\"https:\/\/www.kgkgolf.dk\/en\/the-weekly-tournament-on-tuesday\/\" \/>\n<meta property=\"og:site_name\" content=\"K\u00f8benhavns Golf Klub\" \/>\n<meta property=\"article:modified_time\" content=\"2025-04-29T11:29:42+00:00\" \/>\n<meta property=\"og:image\" content=\"https:\/\/www.kgkgolf.dk\/wp-content\/uploads\/2020\/03\/kgk-gaest-bg-2.jpg\" \/>\n\t<meta property=\"og:image:width\" content=\"1700\" \/>\n\t<meta property=\"og:image:height\" content=\"1065\" \/>\n\t<meta property=\"og:image:type\" content=\"image\/jpeg\" \/>\n<meta name=\"twitter:card\" content=\"summary_large_image\" \/>\n<meta name=\"twitter:label1\" content=\"Estimated reading time\" \/>\n\t<meta name=\"twitter:data1\" content=\"4 minutes\" \/>\n<script type=\"application\/ld+json\" class=\"yoast-schema-graph\">{\"@context\":\"https:\/\/schema.org\",\"@graph\":[{\"@type\":\"WebPage\",\"@id\":\"https:\/\/www.kgkgolf.dk\/ugeturneringen-tirsdag\/\",\"url\":\"https:\/\/www.kgkgolf.dk\/ugeturneringen-tirsdag\/\",\"name\":\"Ugeturneringen er for medlemmer af K\u00f8benahvns Golf Klub\",\"isPartOf\":{\"@id\":\"https:\/\/www.kgkgolf.dk\/#website\"},\"primaryImageOfPage\":{\"@id\":\"https:\/\/www.kgkgolf.dk\/ugeturneringen-tirsdag\/#primaryimage\"},\"image\":{\"@id\":\"https:\/\/www.kgkgolf.dk\/ugeturneringen-tirsdag\/#primaryimage\"},\"thumbnailUrl\":\"https:\/\/www.kgkgolf.dk\/wp-content\/uploads\/2020\/03\/kgk-gaest-bg-2.jpg\",\"datePublished\":\"2017-04-19T10:45:16+00:00\",\"dateModified\":\"2025-04-29T11:29:42+00:00\",\"breadcrumb\":{\"@id\":\"https:\/\/www.kgkgolf.dk\/ugeturneringen-tirsdag\/#breadcrumb\"},\"inLanguage\":\"en-GB\",\"potentialAction\":[{\"@type\":\"ReadAction\",\"target\":[\"https:\/\/www.kgkgolf.dk\/ugeturneringen-tirsdag\/\"]}]},{\"@type\":\"ImageObject\",\"inLanguage\":\"en-GB\",\"@id\":\"https:\/\/www.kgkgolf.dk\/ugeturneringen-tirsdag\/#primaryimage\",\"url\":\"https:\/\/www.kgkgolf.dk\/wp-content\/uploads\/2020\/03\/kgk-gaest-bg-2.jpg\",\"contentUrl\":\"https:\/\/www.kgkgolf.dk\/wp-content\/uploads\/2020\/03\/kgk-gaest-bg-2.jpg\",\"width\":1700,\"height\":1065,\"caption\":\"Driving range\"},{\"@type\":\"BreadcrumbList\",\"@id\":\"https:\/\/www.kgkgolf.dk\/ugeturneringen-tirsdag\/#breadcrumb\",\"itemListElement\":[{\"@type\":\"ListItem\",\"position\":1,\"name\":\"Hjem\",\"item\":\"https:\/\/www.kgkgolf.dk\/\"},{\"@type\":\"ListItem\",\"position\":2,\"name\":\"Ugeturneringen (tirsdag)\"}]},{\"@type\":\"WebSite\",\"@id\":\"https:\/\/www.kgkgolf.dk\/#website\",\"url\":\"https:\/\/www.kgkgolf.dk\/\",\"name\":\"K\u00f8benhavns Golf Klub\",\"description\":\"Skandinaviens f\u00f8rste golfklub\",\"publisher\":{\"@id\":\"https:\/\/www.kgkgolf.dk\/#organization\"},\"alternateName\":\"KGK\",\"potentialAction\":[{\"@type\":\"SearchAction\",\"target\":{\"@type\":\"EntryPoint\",\"urlTemplate\":\"https:\/\/www.kgkgolf.dk\/?s={search_term_string}\"},\"query-input\":{\"@type\":\"PropertyValueSpecification\",\"valueRequired\":true,\"valueName\":\"search_term_string\"}}],\"inLanguage\":\"en-GB\"},{\"@type\":\"Organization\",\"@id\":\"https:\/\/www.kgkgolf.dk\/#organization\",\"name\":\"K\u00f8benhavns Golf Klub\",\"alternateName\":\"KGK\",\"url\":\"https:\/\/www.kgkgolf.dk\/\",\"logo\":{\"@type\":\"ImageObject\",\"inLanguage\":\"en-GB\",\"@id\":\"https:\/\/www.kgkgolf.dk\/#\/schema\/logo\/image\/\",\"url\":\"https:\/\/www.kgkgolf.dk\/wp-content\/uploads\/2017\/04\/kgk-logo.png\",\"contentUrl\":\"https:\/\/www.kgkgolf.dk\/wp-content\/uploads\/2017\/04\/kgk-logo.png\",\"width\":260,\"height\":262,\"caption\":\"K\u00f8benhavns Golf Klub\"},\"image\":{\"@id\":\"https:\/\/www.kgkgolf.dk\/#\/schema\/logo\/image\/\"}}]}<\/script>\n<!-- \/ Yoast SEO plugin. -->","yoast_head_json":{"title":"The weekly tournament is for members of Copenhagen Golf Club.","robots":{"index":"index","follow":"follow","max-snippet":"max-snippet:-1","max-image-preview":"max-image-preview:large","max-video-preview":"max-video-preview:-1"},"canonical":"https:\/\/www.kgkgolf.dk\/en\/the-weekly-tournament-on-tuesday\/","og_locale":"en_GB","og_type":"article","og_title":"Ugeturneringen er for medlemmer af K\u00f8benahvns Golf Klub","og_description":"UGETURNERINGEN Ugeturneringen \u2013 spillet siden 1976 T\u00e6llende runde hver tirsdag.Ugeturneringen er for medlemmer der er p\u00e5 turneringsdagen er fyldt 18 \u00e5r. Spillehandicap Der spilles i to handicapr\u00e6kker. Herrer \/ Damer Spillehandicap (SPH) A-r\u00e6kken SPH max 16. Herrer fra tee 57 &amp; Damer fra tee 49 B-r\u00e6kken SPH 17-36.\u00a0 Herrer fra 57 &amp; Damer fra tee [&hellip;]","og_url":"https:\/\/www.kgkgolf.dk\/en\/the-weekly-tournament-on-tuesday\/","og_site_name":"K\u00f8benhavns Golf Klub","article_modified_time":"2025-04-29T11:29:42+00:00","og_image":[{"width":1700,"height":1065,"url":"https:\/\/www.kgkgolf.dk\/wp-content\/uploads\/2020\/03\/kgk-gaest-bg-2.jpg","type":"image\/jpeg"}],"twitter_card":"summary_large_image","twitter_misc":{"Estimated reading time":"4 minutes"},"schema":{"@context":"https:\/\/schema.org","@graph":[{"@type":"WebPage","@id":"https:\/\/www.kgkgolf.dk\/ugeturneringen-tirsdag\/","url":"https:\/\/www.kgkgolf.dk\/ugeturneringen-tirsdag\/","name":"The weekly tournament is for members of Copenhagen Golf Club.","isPartOf":{"@id":"https:\/\/www.kgkgolf.dk\/#website"},"primaryImageOfPage":{"@id":"https:\/\/www.kgkgolf.dk\/ugeturneringen-tirsdag\/#primaryimage"},"image":{"@id":"https:\/\/www.kgkgolf.dk\/ugeturneringen-tirsdag\/#primaryimage"},"thumbnailUrl":"https:\/\/www.kgkgolf.dk\/wp-content\/uploads\/2020\/03\/kgk-gaest-bg-2.jpg","datePublished":"2017-04-19T10:45:16+00:00","dateModified":"2025-04-29T11:29:42+00:00","breadcrumb":{"@id":"https:\/\/www.kgkgolf.dk\/ugeturneringen-tirsdag\/#breadcrumb"},"inLanguage":"en-GB","potentialAction":[{"@type":"ReadAction","target":["https:\/\/www.kgkgolf.dk\/ugeturneringen-tirsdag\/"]}]},{"@type":"ImageObject","inLanguage":"en-GB","@id":"https:\/\/www.kgkgolf.dk\/ugeturneringen-tirsdag\/#primaryimage","url":"https:\/\/www.kgkgolf.dk\/wp-content\/uploads\/2020\/03\/kgk-gaest-bg-2.jpg","contentUrl":"https:\/\/www.kgkgolf.dk\/wp-content\/uploads\/2020\/03\/kgk-gaest-bg-2.jpg","width":1700,"height":1065,"caption":"Driving range"},{"@type":"BreadcrumbList","@id":"https:\/\/www.kgkgolf.dk\/ugeturneringen-tirsdag\/#breadcrumb","itemListElement":[{"@type":"ListItem","position":1,"name":"Hjem","item":"https:\/\/www.kgkgolf.dk\/"},{"@type":"ListItem","position":2,"name":"Ugeturneringen (tirsdag)"}]},{"@type":"WebSite","@id":"https:\/\/www.kgkgolf.dk\/#website","url":"https:\/\/www.kgkgolf.dk\/","name":"Copenhagen Golf Club","description":"Scandinavia&#039;s first golf club","publisher":{"@id":"https:\/\/www.kgkgolf.dk\/#organization"},"alternateName":"KGK","potentialAction":[{"@type":"SearchAction","target":{"@type":"EntryPoint","urlTemplate":"https:\/\/www.kgkgolf.dk\/?s={search_term_string}"},"query-input":{"@type":"PropertyValueSpecification","valueRequired":true,"valueName":"search_term_string"}}],"inLanguage":"en-GB"},{"@type":"Organization","@id":"https:\/\/www.kgkgolf.dk\/#organization","name":"Copenhagen Golf Club","alternateName":"KGK","url":"https:\/\/www.kgkgolf.dk\/","logo":{"@type":"ImageObject","inLanguage":"en-GB","@id":"https:\/\/www.kgkgolf.dk\/#\/schema\/logo\/image\/","url":"https:\/\/www.kgkgolf.dk\/wp-content\/uploads\/2017\/04\/kgk-logo.png","contentUrl":"https:\/\/www.kgkgolf.dk\/wp-content\/uploads\/2017\/04\/kgk-logo.png","width":260,"height":262,"caption":"K\u00f8benhavns Golf Klub"},"image":{"@id":"https:\/\/www.kgkgolf.dk\/#\/schema\/logo\/image\/"}}]}},"_links":{"self":[{"href":"https:\/\/www.kgkgolf.dk\/en\/wp-json\/wp\/v2\/pages\/32","targetHints":{"allow":["GET"]}}],"collection":[{"href":"https:\/\/www.kgkgolf.dk\/en\/wp-json\/wp\/v2\/pages"}],"about":[{"href":"https:\/\/www.kgkgolf.dk\/en\/wp-json\/wp\/v2\/types\/page"}],"author":[{"embeddable":true,"href":"https:\/\/www.kgkgolf.dk\/en\/wp-json\/wp\/v2\/users\/9"}],"replies":[{"embeddable":true,"href":"https:\/\/www.kgkgolf.dk\/en\/wp-json\/wp\/v2\/comments?post=32"}],"version-history":[{"count":4,"href":"https:\/\/www.kgkgolf.dk\/en\/wp-json\/wp\/v2\/pages\/32\/revisions"}],"predecessor-version":[{"id":18292,"href":"https:\/\/www.kgkgolf.dk\/en\/wp-json\/wp\/v2\/pages\/32\/revisions\/18292"}],"wp:featuredmedia":[{"embeddable":true,"href":"https:\/\/www.kgkgolf.dk\/en\/wp-json\/wp\/v2\/media\/8110"}],"wp:attachment":[{"href":"https:\/\/www.kgkgolf.dk\/en\/wp-json\/wp\/v2\/media?parent=32"}],"curies":[{"name":"wp","href":"https:\/\/api.w.org\/{rel}","templated":true}]}}