{"id":42,"date":"2017-04-19T12:46:15","date_gmt":"2017-04-19T10:46:15","guid":{"rendered":"https:\/\/www.kgkgolf.dk\/?page_id=42"},"modified":"2025-09-24T14:14:45","modified_gmt":"2025-09-24T12:14:45","slug":"the-bridge-club","status":"publish","type":"page","link":"https:\/\/www.kgkgolf.dk\/en\/bridgeklubben\/","title":{"rendered":"Information about KGK&#039;s bridge club"},"content":{"rendered":"<div data-elementor-type=\"wp-page\" data-elementor-id=\"42\" class=\"elementor elementor-42\" data-elementor-post-type=\"page\">\n\t\t\t\t<div class=\"elementor-element elementor-element-a661104 e-flex e-con-boxed e-con e-parent\" data-id=\"a661104\" data-element_type=\"container\" data-e-type=\"container\" data-settings=\"{&quot;background_background&quot;:&quot;classic&quot;}\">\n\t\t\t\t\t<div class=\"e-con-inner\">\n\t\t\t\t<div class=\"elementor-element elementor-element-2944569 elementor-widget elementor-widget-heading\" data-id=\"2944569\" data-element_type=\"widget\" data-e-type=\"widget\" data-widget_type=\"heading.default\">\n\t\t\t\t<div class=\"elementor-widget-container\">\n\t\t\t\t\t<h1 class=\"elementor-heading-title elementor-size-default\">The Bridge Club<\/h1>\t\t\t\t<\/div>\n\t\t\t\t<\/div>\n\t\t\t\t\t<\/div>\n\t\t\t\t<\/div>\n\t\t<div class=\"elementor-element elementor-element-69216c5 e-flex e-con-boxed e-con e-parent\" data-id=\"69216c5\" data-element_type=\"container\" data-e-type=\"container\">\n\t\t\t\t\t<div class=\"e-con-inner\">\n\t\t\t\t<div class=\"elementor-element elementor-element-eb47c63 elementor-widget elementor-widget-heading\" data-id=\"eb47c63\" data-element_type=\"widget\" data-e-type=\"widget\" data-widget_type=\"heading.default\">\n\t\t\t\t<div class=\"elementor-widget-container\">\n\t\t\t\t\t<h2 class=\"elementor-heading-title elementor-size-default\"><span class=\"elementor-heading-title elementor-size-default elementor-inline-editing pen\" data-elementor-setting-key=\"title\" data-pen-placeholder=\"Skriv her...\" style=\"font-family: SyntaxLTStd, sans-serif\">Information about KGK&#039;s bridge club<\/span><\/h2>\t\t\t\t<\/div>\n\t\t\t\t<\/div>\n\t\t\t\t<div class=\"elementor-element elementor-element-9a821d6 elementor-widget elementor-widget-image\" data-id=\"9a821d6\" data-element_type=\"widget\" data-e-type=\"widget\" data-widget_type=\"image.default\">\n\t\t\t\t<div class=\"elementor-widget-container\">\n\t\t\t\t\t\t\t\t\t\t\t\t\t\t\t<img fetchpriority=\"high\" decoding=\"async\" width=\"1024\" height=\"640\" src=\"https:\/\/www.kgkgolf.dk\/wp-content\/uploads\/2025\/09\/Spil-bridge-online-1200x750_AI_Boosted-1024x640.png\" class=\"attachment-large size-large wp-image-18910\" alt=\"\" srcset=\"https:\/\/www.kgkgolf.dk\/wp-content\/uploads\/2025\/09\/Spil-bridge-online-1200x750_AI_Boosted-1024x640.png 1024w, https:\/\/www.kgkgolf.dk\/wp-content\/uploads\/2025\/09\/Spil-bridge-online-1200x750_AI_Boosted-300x188.png 300w, https:\/\/www.kgkgolf.dk\/wp-content\/uploads\/2025\/09\/Spil-bridge-online-1200x750_AI_Boosted-768x480.png 768w, https:\/\/www.kgkgolf.dk\/wp-content\/uploads\/2025\/09\/Spil-bridge-online-1200x750_AI_Boosted-18x12.png 18w, https:\/\/www.kgkgolf.dk\/wp-content\/uploads\/2025\/09\/Spil-bridge-online-1200x750_AI_Boosted.png 1200w\" sizes=\"(max-width: 1024px) 100vw, 1024px\" \/>\t\t\t\t\t\t\t\t\t\t\t\t\t\t\t<\/div>\n\t\t\t\t<\/div>\n\t\t\t\t<div class=\"elementor-element elementor-element-cbbc96c elementor-widget elementor-widget-text-editor\" data-id=\"cbbc96c\" data-element_type=\"widget\" data-e-type=\"widget\" data-widget_type=\"text-editor.default\">\n\t\t\t\t<div class=\"elementor-widget-container\">\n\t\t\t\t\t\t\t\t\t<div>Like most other golf clubs, Copenhagen Golf Club offers its members a bridge club. Play takes place in 2 groups during the period 1 October to 1 April \u2013 on even weeks and odd weeks respectively, every Thursday from 10:00 to approx. 14:00.<br><br><\/div>\n<div>There is \u00bd hour of instruction 3 times in both teams \u2013 6 times in total spread over the season \u2013 with a teacher from Blakset, Thomas Vang Larsen (Otto).<\/div>\n<div>&nbsp;<\/div>\n<div><b>Membership<\/b><br>To become a member of the bridge club, you must be a member of KGK \u2013 at least as a passive member. It is expected that you are an experienced bridge player. If there is space, you can be admitted, otherwise you can be put on a waiting list and will be contacted when the situation changes. During the waiting period, you may be listed on a substitute list.<\/div>\n<div>&nbsp;<\/div>\n<div><b>Game days<br><\/b>Games are played every Thursday, starting on the first Thursday in October and ending on the last Thursday in March.&nbsp;<br>There are usually 9 rounds of 3 games played and the games are played during the school&#039;s autumn and winter holidays.<\/div>\n<div>&nbsp;<\/div>\n<div><b>Membership prices&nbsp;<br><\/b>The annual fee is currently 500 DKK for playing every other week and 1,000 DKK for playing every week.<\/div>\n<div>&nbsp;<\/div>\n<div><b>Illness\/absence<br><\/b>Cancellations must be made no later than 12:00 the day before via our email:<\/div>\n<div><span lang=\"EN-US\"><b><br><\/b><\/span><\/div>\n<div>\n<ul>\n<li><u><b><span lang=\"DA\"><a href=\"mailto:kgksbridgeklub@gmail.com\">kgksbridgeklub@gmail.com<\/a><\/span><\/b><br><\/u><\/li>\n<li><b><u>or SMS to Annette on +45 2617 9491<\/u><\/b><\/li><\/ul><\/div>\n<div><b>Bridge management<\/b><br>Annette Suhr, Henriette Nyvang, Laust Nyvang, Kirsten Dalgaard, Jens Tarp, Susanne Tarp.<\/div>\t\t\t\t\t\t\t\t<\/div>\n\t\t\t\t<\/div>\n\t\t\t\t\t<\/div>\n\t\t\t\t<\/div>\n\t\t\t\t<\/div>","protected":false},"excerpt":{"rendered":"<p>BrIdgeklubben Information om KGK\u2019s bridgeklub Som de fleste andre golfklubber tilbyder K\u00f8benhavns Golf Klub sine medlemmer en bridgeklub. Der spilles i perioden 1. oktober til 1. april p\u00e5 2 hold \u2013 henholdsvis lige uger og ulige uger hver torsdag kl. 10.00 til ca. 14.00. Der er \u00bd times undervisning 3 gange p\u00e5 begge hold \u2013 [&hellip;]<\/p>\n","protected":false},"author":1,"featured_media":18875,"parent":0,"menu_order":0,"comment_status":"closed","ping_status":"closed","template":"","meta":{"_acf_changed":false,"footnotes":""},"class_list":["post-42","page","type-page","status-publish","has-post-thumbnail","hentry"],"acf":[],"yoast_head":"<!-- This site is optimized with the Yoast SEO plugin v27.1.1 - https:\/\/yoast.com\/product\/yoast-seo-wordpress\/ -->\n<title>Regionsgolf og bridgeklub i K\u00f8benhavns Golf Klub<\/title>\n<meta name=\"description\" content=\"Regionsgolf er turneringsgolf i hold for spillere, der gerne vil ud og pr\u00f8ve kr\u00e6fter med sp\u00e6ndende modstandere p\u00e5 andre baner.\" \/>\n<meta name=\"robots\" content=\"index, follow, max-snippet:-1, max-image-preview:large, max-video-preview:-1\" \/>\n<link rel=\"canonical\" href=\"https:\/\/www.kgkgolf.dk\/en\/the-bridge-club\/\" \/>\n<meta property=\"og:locale\" content=\"en_GB\" \/>\n<meta property=\"og:type\" content=\"article\" \/>\n<meta property=\"og:title\" content=\"Regionsgolf og bridgeklub i K\u00f8benhavns Golf Klub\" \/>\n<meta property=\"og:description\" content=\"Regionsgolf er turneringsgolf i hold for spillere, der gerne vil ud og pr\u00f8ve kr\u00e6fter med sp\u00e6ndende modstandere p\u00e5 andre baner.\" \/>\n<meta property=\"og:url\" content=\"https:\/\/www.kgkgolf.dk\/en\/the-bridge-club\/\" \/>\n<meta property=\"og:site_name\" content=\"K\u00f8benhavns Golf Klub\" \/>\n<meta property=\"article:modified_time\" content=\"2025-09-24T12:14:45+00:00\" \/>\n<meta property=\"og:image\" content=\"https:\/\/www.kgkgolf.dk\/wp-content\/uploads\/2025\/09\/Spil-bridge-online-400x250-1.png\" \/>\n\t<meta property=\"og:image:width\" content=\"400\" \/>\n\t<meta property=\"og:image:height\" content=\"250\" \/>\n\t<meta property=\"og:image:type\" content=\"image\/png\" \/>\n<meta name=\"twitter:card\" content=\"summary_large_image\" \/>\n<meta name=\"twitter:label1\" content=\"Estimated reading time\" \/>\n\t<meta name=\"twitter:data1\" content=\"2 minutes\" \/>\n<script type=\"application\/ld+json\" class=\"yoast-schema-graph\">{\"@context\":\"https:\/\/schema.org\",\"@graph\":[{\"@type\":\"WebPage\",\"@id\":\"https:\/\/www.kgkgolf.dk\/bridgeklubben\/\",\"url\":\"https:\/\/www.kgkgolf.dk\/bridgeklubben\/\",\"name\":\"Regionsgolf og bridgeklub i K\u00f8benhavns Golf Klub\",\"isPartOf\":{\"@id\":\"https:\/\/www.kgkgolf.dk\/#website\"},\"primaryImageOfPage\":{\"@id\":\"https:\/\/www.kgkgolf.dk\/bridgeklubben\/#primaryimage\"},\"image\":{\"@id\":\"https:\/\/www.kgkgolf.dk\/bridgeklubben\/#primaryimage\"},\"thumbnailUrl\":\"https:\/\/www.kgkgolf.dk\/wp-content\/uploads\/2025\/09\/Spil-bridge-online-400x250-1.png\",\"datePublished\":\"2017-04-19T10:46:15+00:00\",\"dateModified\":\"2025-09-24T12:14:45+00:00\",\"description\":\"Regionsgolf er turneringsgolf i hold for spillere, der gerne vil ud og pr\u00f8ve kr\u00e6fter med sp\u00e6ndende modstandere p\u00e5 andre baner.\",\"breadcrumb\":{\"@id\":\"https:\/\/www.kgkgolf.dk\/bridgeklubben\/#breadcrumb\"},\"inLanguage\":\"en-GB\",\"potentialAction\":[{\"@type\":\"ReadAction\",\"target\":[\"https:\/\/www.kgkgolf.dk\/bridgeklubben\/\"]}]},{\"@type\":\"ImageObject\",\"inLanguage\":\"en-GB\",\"@id\":\"https:\/\/www.kgkgolf.dk\/bridgeklubben\/#primaryimage\",\"url\":\"https:\/\/www.kgkgolf.dk\/wp-content\/uploads\/2025\/09\/Spil-bridge-online-400x250-1.png\",\"contentUrl\":\"https:\/\/www.kgkgolf.dk\/wp-content\/uploads\/2025\/09\/Spil-bridge-online-400x250-1.png\",\"width\":400,\"height\":250},{\"@type\":\"BreadcrumbList\",\"@id\":\"https:\/\/www.kgkgolf.dk\/bridgeklubben\/#breadcrumb\",\"itemListElement\":[{\"@type\":\"ListItem\",\"position\":1,\"name\":\"Hjem\",\"item\":\"https:\/\/www.kgkgolf.dk\/\"},{\"@type\":\"ListItem\",\"position\":2,\"name\":\"Information om KGK&#8217;s bridgeklub\"}]},{\"@type\":\"WebSite\",\"@id\":\"https:\/\/www.kgkgolf.dk\/#website\",\"url\":\"https:\/\/www.kgkgolf.dk\/\",\"name\":\"K\u00f8benhavns Golf Klub\",\"description\":\"Skandinaviens f\u00f8rste golfklub\",\"publisher\":{\"@id\":\"https:\/\/www.kgkgolf.dk\/#organization\"},\"alternateName\":\"KGK\",\"potentialAction\":[{\"@type\":\"SearchAction\",\"target\":{\"@type\":\"EntryPoint\",\"urlTemplate\":\"https:\/\/www.kgkgolf.dk\/?s={search_term_string}\"},\"query-input\":{\"@type\":\"PropertyValueSpecification\",\"valueRequired\":true,\"valueName\":\"search_term_string\"}}],\"inLanguage\":\"en-GB\"},{\"@type\":\"Organization\",\"@id\":\"https:\/\/www.kgkgolf.dk\/#organization\",\"name\":\"K\u00f8benhavns Golf Klub\",\"alternateName\":\"KGK\",\"url\":\"https:\/\/www.kgkgolf.dk\/\",\"logo\":{\"@type\":\"ImageObject\",\"inLanguage\":\"en-GB\",\"@id\":\"https:\/\/www.kgkgolf.dk\/#\/schema\/logo\/image\/\",\"url\":\"https:\/\/www.kgkgolf.dk\/wp-content\/uploads\/2017\/04\/kgk-logo.png\",\"contentUrl\":\"https:\/\/www.kgkgolf.dk\/wp-content\/uploads\/2017\/04\/kgk-logo.png\",\"width\":260,\"height\":262,\"caption\":\"K\u00f8benhavns Golf Klub\"},\"image\":{\"@id\":\"https:\/\/www.kgkgolf.dk\/#\/schema\/logo\/image\/\"}}]}<\/script>\n<!-- \/ Yoast SEO plugin. -->","yoast_head_json":{"title":"Regional golf and bridge club in Copenhagen Golf Club","description":"Regional golf is tournament golf in teams for players who want to go out and try their hand at exciting opponents on other courses.","robots":{"index":"index","follow":"follow","max-snippet":"max-snippet:-1","max-image-preview":"max-image-preview:large","max-video-preview":"max-video-preview:-1"},"canonical":"https:\/\/www.kgkgolf.dk\/en\/the-bridge-club\/","og_locale":"en_GB","og_type":"article","og_title":"Regionsgolf og bridgeklub i K\u00f8benhavns Golf Klub","og_description":"Regionsgolf er turneringsgolf i hold for spillere, der gerne vil ud og pr\u00f8ve kr\u00e6fter med sp\u00e6ndende modstandere p\u00e5 andre baner.","og_url":"https:\/\/www.kgkgolf.dk\/en\/the-bridge-club\/","og_site_name":"K\u00f8benhavns Golf Klub","article_modified_time":"2025-09-24T12:14:45+00:00","og_image":[{"width":400,"height":250,"url":"https:\/\/www.kgkgolf.dk\/wp-content\/uploads\/2025\/09\/Spil-bridge-online-400x250-1.png","type":"image\/png"}],"twitter_card":"summary_large_image","twitter_misc":{"Estimated reading time":"2 minutes"},"schema":{"@context":"https:\/\/schema.org","@graph":[{"@type":"WebPage","@id":"https:\/\/www.kgkgolf.dk\/bridgeklubben\/","url":"https:\/\/www.kgkgolf.dk\/bridgeklubben\/","name":"Regional golf and bridge club in Copenhagen Golf Club","isPartOf":{"@id":"https:\/\/www.kgkgolf.dk\/#website"},"primaryImageOfPage":{"@id":"https:\/\/www.kgkgolf.dk\/bridgeklubben\/#primaryimage"},"image":{"@id":"https:\/\/www.kgkgolf.dk\/bridgeklubben\/#primaryimage"},"thumbnailUrl":"https:\/\/www.kgkgolf.dk\/wp-content\/uploads\/2025\/09\/Spil-bridge-online-400x250-1.png","datePublished":"2017-04-19T10:46:15+00:00","dateModified":"2025-09-24T12:14:45+00:00","description":"Regional golf is tournament golf in teams for players who want to go out and try their hand at exciting opponents on other courses.","breadcrumb":{"@id":"https:\/\/www.kgkgolf.dk\/bridgeklubben\/#breadcrumb"},"inLanguage":"en-GB","potentialAction":[{"@type":"ReadAction","target":["https:\/\/www.kgkgolf.dk\/bridgeklubben\/"]}]},{"@type":"ImageObject","inLanguage":"en-GB","@id":"https:\/\/www.kgkgolf.dk\/bridgeklubben\/#primaryimage","url":"https:\/\/www.kgkgolf.dk\/wp-content\/uploads\/2025\/09\/Spil-bridge-online-400x250-1.png","contentUrl":"https:\/\/www.kgkgolf.dk\/wp-content\/uploads\/2025\/09\/Spil-bridge-online-400x250-1.png","width":400,"height":250},{"@type":"BreadcrumbList","@id":"https:\/\/www.kgkgolf.dk\/bridgeklubben\/#breadcrumb","itemListElement":[{"@type":"ListItem","position":1,"name":"Hjem","item":"https:\/\/www.kgkgolf.dk\/"},{"@type":"ListItem","position":2,"name":"Information om KGK&#8217;s bridgeklub"}]},{"@type":"WebSite","@id":"https:\/\/www.kgkgolf.dk\/#website","url":"https:\/\/www.kgkgolf.dk\/","name":"Copenhagen Golf Club","description":"Scandinavia&#039;s first golf club","publisher":{"@id":"https:\/\/www.kgkgolf.dk\/#organization"},"alternateName":"KGK","potentialAction":[{"@type":"SearchAction","target":{"@type":"EntryPoint","urlTemplate":"https:\/\/www.kgkgolf.dk\/?s={search_term_string}"},"query-input":{"@type":"PropertyValueSpecification","valueRequired":true,"valueName":"search_term_string"}}],"inLanguage":"en-GB"},{"@type":"Organization","@id":"https:\/\/www.kgkgolf.dk\/#organization","name":"Copenhagen Golf Club","alternateName":"KGK","url":"https:\/\/www.kgkgolf.dk\/","logo":{"@type":"ImageObject","inLanguage":"en-GB","@id":"https:\/\/www.kgkgolf.dk\/#\/schema\/logo\/image\/","url":"https:\/\/www.kgkgolf.dk\/wp-content\/uploads\/2017\/04\/kgk-logo.png","contentUrl":"https:\/\/www.kgkgolf.dk\/wp-content\/uploads\/2017\/04\/kgk-logo.png","width":260,"height":262,"caption":"K\u00f8benhavns Golf Klub"},"image":{"@id":"https:\/\/www.kgkgolf.dk\/#\/schema\/logo\/image\/"}}]}},"_links":{"self":[{"href":"https:\/\/www.kgkgolf.dk\/en\/wp-json\/wp\/v2\/pages\/42","targetHints":{"allow":["GET"]}}],"collection":[{"href":"https:\/\/www.kgkgolf.dk\/en\/wp-json\/wp\/v2\/pages"}],"about":[{"href":"https:\/\/www.kgkgolf.dk\/en\/wp-json\/wp\/v2\/types\/page"}],"author":[{"embeddable":true,"href":"https:\/\/www.kgkgolf.dk\/en\/wp-json\/wp\/v2\/users\/1"}],"replies":[{"embeddable":true,"href":"https:\/\/www.kgkgolf.dk\/en\/wp-json\/wp\/v2\/comments?post=42"}],"version-history":[{"count":26,"href":"https:\/\/www.kgkgolf.dk\/en\/wp-json\/wp\/v2\/pages\/42\/revisions"}],"predecessor-version":[{"id":18914,"href":"https:\/\/www.kgkgolf.dk\/en\/wp-json\/wp\/v2\/pages\/42\/revisions\/18914"}],"wp:featuredmedia":[{"embeddable":true,"href":"https:\/\/www.kgkgolf.dk\/en\/wp-json\/wp\/v2\/media\/18875"}],"wp:attachment":[{"href":"https:\/\/www.kgkgolf.dk\/en\/wp-json\/wp\/v2\/media?parent=42"}],"curies":[{"name":"wp","href":"https:\/\/api.w.org\/{rel}","templated":true}]}}