{"id":4243,"date":"2017-11-01T12:30:54","date_gmt":"2017-11-01T11:30:54","guid":{"rendered":"https:\/\/www.kgkgolf.dk\/?page_id=4243"},"modified":"2025-04-29T12:53:09","modified_gmt":"2025-04-29T10:53:09","slug":"regional-golf","status":"publish","type":"page","link":"https:\/\/www.kgkgolf.dk\/en\/regionsgolf\/","title":{"rendered":"Regional golf"},"content":{"rendered":"<div data-elementor-type=\"wp-page\" data-elementor-id=\"4243\" class=\"elementor elementor-4243\" data-elementor-post-type=\"page\">\n\t\t\t\t<div class=\"elementor-element elementor-element-2512143f e-flex e-con-boxed e-con e-parent\" data-id=\"2512143f\" data-element_type=\"container\" data-e-type=\"container\">\n\t\t\t\t\t<div class=\"e-con-inner\">\n\t\t\t\t<div class=\"elementor-element elementor-element-acba830 elementor-widget elementor-widget-text-editor\" data-id=\"acba830\" data-element_type=\"widget\" data-e-type=\"widget\" data-widget_type=\"text-editor.default\">\n\t\t\t\t<div class=\"elementor-widget-container\">\n\t\t\t\t\t\t\t\t\t<br \/>\n\t\t\t\t\t\t\t\t<\/div>\n\t\t\t\t<\/div>\n\t\t\t\t\t<\/div>\n\t\t\t\t<\/div>\n\t\t<div class=\"elementor-element elementor-element-2d1aff6 e-flex e-con-boxed e-con e-parent\" data-id=\"2d1aff6\" data-element_type=\"container\" data-e-type=\"container\" data-settings=\"{&quot;background_background&quot;:&quot;classic&quot;}\">\n\t\t\t\t\t<div class=\"e-con-inner\">\n\t\t\t\t<div class=\"elementor-element elementor-element-d805112 elementor-widget elementor-widget-heading\" data-id=\"d805112\" data-element_type=\"widget\" data-e-type=\"widget\" data-widget_type=\"heading.default\">\n\t\t\t\t<div class=\"elementor-widget-container\">\n\t\t\t\t\t<h1 class=\"elementor-heading-title elementor-size-default\">Regional golf<\/h1>\t\t\t\t<\/div>\n\t\t\t\t<\/div>\n\t\t\t\t\t<\/div>\n\t\t\t\t<\/div>\n\t\t<div class=\"elementor-element elementor-element-477c1db e-flex e-con-boxed e-con e-parent\" data-id=\"477c1db\" data-element_type=\"container\" data-e-type=\"container\">\n\t\t\t\t\t<div class=\"e-con-inner\">\n\t\t\t\t<div class=\"elementor-element elementor-element-b00fa0f elementor-widget elementor-widget-menu-anchor\" data-id=\"b00fa0f\" data-element_type=\"widget\" data-e-type=\"widget\" data-widget_type=\"menu-anchor.default\">\n\t\t\t\t<div class=\"elementor-widget-container\">\n\t\t\t\t\t\t\t<div class=\"elementor-menu-anchor\" id=\"kommiteen\"><\/div>\n\t\t\t\t\t\t<\/div>\n\t\t\t\t<\/div>\n\t\t\t\t<div class=\"elementor-element elementor-element-d5ec424 elementor-widget elementor-widget-menu-anchor\" data-id=\"d5ec424\" data-element_type=\"widget\" data-e-type=\"widget\" data-widget_type=\"menu-anchor.default\">\n\t\t\t\t<div class=\"elementor-widget-container\">\n\t\t\t\t\t\t\t<div class=\"elementor-menu-anchor\" id=\"opstart\"><\/div>\n\t\t\t\t\t\t<\/div>\n\t\t\t\t<\/div>\n\t\t\t\t<div class=\"elementor-element elementor-element-57a3a27 elementor-widget elementor-widget-text-editor\" data-id=\"57a3a27\" data-element_type=\"widget\" data-e-type=\"widget\" data-widget_type=\"text-editor.default\">\n\t\t\t\t<div class=\"elementor-widget-container\">\n\t\t\t\t\t\t\t\t\t<p>Regionsgolf is tournament golf in teams for players who want to go out and try their hand at exciting opponents on other courses and at home in Dyrehaven.<\/p><p><strong>Team Captains 2025:<\/strong><\/p><ul><li>SuperVeteran, Mari Anne Woll<\/li><li>Veteran . missing<\/li><li>Senior A-rank, Jens Knudsen<\/li><li>B-row, Kim Filges<\/li><li>C-row, Thomas Madsen<\/li><li>D-row, Henrik Bodnia<\/li><\/ul><p>Read much more about regional golf and\u00a0<a href=\"http:\/\/www.regionsgolf.dk\/\" target=\"_blank\" rel=\"noopener\">see results here<\/a>.<\/p><p>If you have any questions, please contact Regional Golf Coordinator John Eriksen by email:\u00a0<a href=\"mailto:eriksen_fam@yahoo.dk\">eriksen_fam@yahoo.dk<\/a><\/p>\t\t\t\t\t\t\t\t<\/div>\n\t\t\t\t<\/div>\n\t\t\t\t\t<\/div>\n\t\t\t\t<\/div>\n\t\t\t\t<\/div>","protected":false},"excerpt":{"rendered":"<p>Regionsgolf Regionsgolf er turneringsgolf i hold for spillere, der gerne vil ud og pr\u00f8ve kr\u00e6fter med sp\u00e6ndende modstandere p\u00e5 andre baner og hjemme i Dyrehaven. Holdkaptajner 2025: SuperVeteran , Mari Anne Woll Veteran . mangler Senior A-r\u00e6kken, Jens Knudsen B-r\u00e6kken, Kim Filges C-r\u00e6kken, Thomas Madsen D-r\u00e6kken, Henrik Bodnia L\u00e6s meget mere om regionsgolf og\u00a0se resultater\u00a0her. [&hellip;]<\/p>\n","protected":false},"author":1,"featured_media":8110,"parent":0,"menu_order":0,"comment_status":"closed","ping_status":"closed","template":"full-width.php","meta":{"_acf_changed":false,"footnotes":""},"class_list":["post-4243","page","type-page","status-publish","has-post-thumbnail","hentry"],"acf":[],"yoast_head":"<!-- This site is optimized with the Yoast SEO plugin v27.1.1 - https:\/\/yoast.com\/product\/yoast-seo-wordpress\/ -->\n<title>Regionsgolf - K\u00f8benhavns Golf Klub<\/title>\n<meta name=\"robots\" content=\"index, follow, max-snippet:-1, max-image-preview:large, max-video-preview:-1\" \/>\n<link rel=\"canonical\" href=\"https:\/\/www.kgkgolf.dk\/en\/regional-golf\/\" \/>\n<meta property=\"og:locale\" content=\"en_GB\" \/>\n<meta property=\"og:type\" content=\"article\" \/>\n<meta property=\"og:title\" content=\"Regionsgolf - K\u00f8benhavns Golf Klub\" \/>\n<meta property=\"og:description\" content=\"Regionsgolf Regionsgolf er turneringsgolf i hold for spillere, der gerne vil ud og pr\u00f8ve kr\u00e6fter med sp\u00e6ndende modstandere p\u00e5 andre baner og hjemme i Dyrehaven. Holdkaptajner 2025: SuperVeteran , Mari Anne Woll Veteran . mangler Senior A-r\u00e6kken, Jens Knudsen B-r\u00e6kken, Kim Filges C-r\u00e6kken, Thomas Madsen D-r\u00e6kken, Henrik Bodnia L\u00e6s meget mere om regionsgolf og\u00a0se resultater\u00a0her. [&hellip;]\" \/>\n<meta property=\"og:url\" content=\"https:\/\/www.kgkgolf.dk\/en\/regional-golf\/\" \/>\n<meta property=\"og:site_name\" content=\"K\u00f8benhavns Golf Klub\" \/>\n<meta property=\"article:modified_time\" content=\"2025-04-29T10:53:09+00:00\" \/>\n<meta property=\"og:image\" content=\"https:\/\/www.kgkgolf.dk\/wp-content\/uploads\/2020\/03\/kgk-gaest-bg-2.jpg\" \/>\n\t<meta property=\"og:image:width\" content=\"1700\" \/>\n\t<meta property=\"og:image:height\" content=\"1065\" \/>\n\t<meta property=\"og:image:type\" content=\"image\/jpeg\" \/>\n<meta name=\"twitter:card\" content=\"summary_large_image\" \/>\n<meta name=\"twitter:label1\" content=\"Estimated reading time\" \/>\n\t<meta name=\"twitter:data1\" content=\"1 minute\" \/>\n<script type=\"application\/ld+json\" class=\"yoast-schema-graph\">{\"@context\":\"https:\/\/schema.org\",\"@graph\":[{\"@type\":\"WebPage\",\"@id\":\"https:\/\/www.kgkgolf.dk\/regionsgolf\/\",\"url\":\"https:\/\/www.kgkgolf.dk\/regionsgolf\/\",\"name\":\"Regionsgolf - K\u00f8benhavns Golf Klub\",\"isPartOf\":{\"@id\":\"https:\/\/www.kgkgolf.dk\/#website\"},\"primaryImageOfPage\":{\"@id\":\"https:\/\/www.kgkgolf.dk\/regionsgolf\/#primaryimage\"},\"image\":{\"@id\":\"https:\/\/www.kgkgolf.dk\/regionsgolf\/#primaryimage\"},\"thumbnailUrl\":\"https:\/\/www.kgkgolf.dk\/wp-content\/uploads\/2020\/03\/kgk-gaest-bg-2.jpg\",\"datePublished\":\"2017-11-01T11:30:54+00:00\",\"dateModified\":\"2025-04-29T10:53:09+00:00\",\"breadcrumb\":{\"@id\":\"https:\/\/www.kgkgolf.dk\/regionsgolf\/#breadcrumb\"},\"inLanguage\":\"en-GB\",\"potentialAction\":[{\"@type\":\"ReadAction\",\"target\":[\"https:\/\/www.kgkgolf.dk\/regionsgolf\/\"]}]},{\"@type\":\"ImageObject\",\"inLanguage\":\"en-GB\",\"@id\":\"https:\/\/www.kgkgolf.dk\/regionsgolf\/#primaryimage\",\"url\":\"https:\/\/www.kgkgolf.dk\/wp-content\/uploads\/2020\/03\/kgk-gaest-bg-2.jpg\",\"contentUrl\":\"https:\/\/www.kgkgolf.dk\/wp-content\/uploads\/2020\/03\/kgk-gaest-bg-2.jpg\",\"width\":1700,\"height\":1065,\"caption\":\"Driving range\"},{\"@type\":\"BreadcrumbList\",\"@id\":\"https:\/\/www.kgkgolf.dk\/regionsgolf\/#breadcrumb\",\"itemListElement\":[{\"@type\":\"ListItem\",\"position\":1,\"name\":\"Hjem\",\"item\":\"https:\/\/www.kgkgolf.dk\/\"},{\"@type\":\"ListItem\",\"position\":2,\"name\":\"Regionsgolf\"}]},{\"@type\":\"WebSite\",\"@id\":\"https:\/\/www.kgkgolf.dk\/#website\",\"url\":\"https:\/\/www.kgkgolf.dk\/\",\"name\":\"K\u00f8benhavns Golf Klub\",\"description\":\"Skandinaviens f\u00f8rste golfklub\",\"publisher\":{\"@id\":\"https:\/\/www.kgkgolf.dk\/#organization\"},\"alternateName\":\"KGK\",\"potentialAction\":[{\"@type\":\"SearchAction\",\"target\":{\"@type\":\"EntryPoint\",\"urlTemplate\":\"https:\/\/www.kgkgolf.dk\/?s={search_term_string}\"},\"query-input\":{\"@type\":\"PropertyValueSpecification\",\"valueRequired\":true,\"valueName\":\"search_term_string\"}}],\"inLanguage\":\"en-GB\"},{\"@type\":\"Organization\",\"@id\":\"https:\/\/www.kgkgolf.dk\/#organization\",\"name\":\"K\u00f8benhavns Golf Klub\",\"alternateName\":\"KGK\",\"url\":\"https:\/\/www.kgkgolf.dk\/\",\"logo\":{\"@type\":\"ImageObject\",\"inLanguage\":\"en-GB\",\"@id\":\"https:\/\/www.kgkgolf.dk\/#\/schema\/logo\/image\/\",\"url\":\"https:\/\/www.kgkgolf.dk\/wp-content\/uploads\/2017\/04\/kgk-logo.png\",\"contentUrl\":\"https:\/\/www.kgkgolf.dk\/wp-content\/uploads\/2017\/04\/kgk-logo.png\",\"width\":260,\"height\":262,\"caption\":\"K\u00f8benhavns Golf Klub\"},\"image\":{\"@id\":\"https:\/\/www.kgkgolf.dk\/#\/schema\/logo\/image\/\"}}]}<\/script>\n<!-- \/ Yoast SEO plugin. -->","yoast_head_json":{"title":"Regional Golf - Copenhagen Golf Club","robots":{"index":"index","follow":"follow","max-snippet":"max-snippet:-1","max-image-preview":"max-image-preview:large","max-video-preview":"max-video-preview:-1"},"canonical":"https:\/\/www.kgkgolf.dk\/en\/regional-golf\/","og_locale":"en_GB","og_type":"article","og_title":"Regionsgolf - K\u00f8benhavns Golf Klub","og_description":"Regionsgolf Regionsgolf er turneringsgolf i hold for spillere, der gerne vil ud og pr\u00f8ve kr\u00e6fter med sp\u00e6ndende modstandere p\u00e5 andre baner og hjemme i Dyrehaven. Holdkaptajner 2025: SuperVeteran , Mari Anne Woll Veteran . mangler Senior A-r\u00e6kken, Jens Knudsen B-r\u00e6kken, Kim Filges C-r\u00e6kken, Thomas Madsen D-r\u00e6kken, Henrik Bodnia L\u00e6s meget mere om regionsgolf og\u00a0se resultater\u00a0her. [&hellip;]","og_url":"https:\/\/www.kgkgolf.dk\/en\/regional-golf\/","og_site_name":"K\u00f8benhavns Golf Klub","article_modified_time":"2025-04-29T10:53:09+00:00","og_image":[{"width":1700,"height":1065,"url":"https:\/\/www.kgkgolf.dk\/wp-content\/uploads\/2020\/03\/kgk-gaest-bg-2.jpg","type":"image\/jpeg"}],"twitter_card":"summary_large_image","twitter_misc":{"Estimated reading time":"1 minute"},"schema":{"@context":"https:\/\/schema.org","@graph":[{"@type":"WebPage","@id":"https:\/\/www.kgkgolf.dk\/regionsgolf\/","url":"https:\/\/www.kgkgolf.dk\/regionsgolf\/","name":"Regional Golf - Copenhagen Golf Club","isPartOf":{"@id":"https:\/\/www.kgkgolf.dk\/#website"},"primaryImageOfPage":{"@id":"https:\/\/www.kgkgolf.dk\/regionsgolf\/#primaryimage"},"image":{"@id":"https:\/\/www.kgkgolf.dk\/regionsgolf\/#primaryimage"},"thumbnailUrl":"https:\/\/www.kgkgolf.dk\/wp-content\/uploads\/2020\/03\/kgk-gaest-bg-2.jpg","datePublished":"2017-11-01T11:30:54+00:00","dateModified":"2025-04-29T10:53:09+00:00","breadcrumb":{"@id":"https:\/\/www.kgkgolf.dk\/regionsgolf\/#breadcrumb"},"inLanguage":"en-GB","potentialAction":[{"@type":"ReadAction","target":["https:\/\/www.kgkgolf.dk\/regionsgolf\/"]}]},{"@type":"ImageObject","inLanguage":"en-GB","@id":"https:\/\/www.kgkgolf.dk\/regionsgolf\/#primaryimage","url":"https:\/\/www.kgkgolf.dk\/wp-content\/uploads\/2020\/03\/kgk-gaest-bg-2.jpg","contentUrl":"https:\/\/www.kgkgolf.dk\/wp-content\/uploads\/2020\/03\/kgk-gaest-bg-2.jpg","width":1700,"height":1065,"caption":"Driving range"},{"@type":"BreadcrumbList","@id":"https:\/\/www.kgkgolf.dk\/regionsgolf\/#breadcrumb","itemListElement":[{"@type":"ListItem","position":1,"name":"Hjem","item":"https:\/\/www.kgkgolf.dk\/"},{"@type":"ListItem","position":2,"name":"Regionsgolf"}]},{"@type":"WebSite","@id":"https:\/\/www.kgkgolf.dk\/#website","url":"https:\/\/www.kgkgolf.dk\/","name":"Copenhagen Golf Club","description":"Scandinavia&#039;s first golf club","publisher":{"@id":"https:\/\/www.kgkgolf.dk\/#organization"},"alternateName":"KGK","potentialAction":[{"@type":"SearchAction","target":{"@type":"EntryPoint","urlTemplate":"https:\/\/www.kgkgolf.dk\/?s={search_term_string}"},"query-input":{"@type":"PropertyValueSpecification","valueRequired":true,"valueName":"search_term_string"}}],"inLanguage":"en-GB"},{"@type":"Organization","@id":"https:\/\/www.kgkgolf.dk\/#organization","name":"Copenhagen Golf Club","alternateName":"KGK","url":"https:\/\/www.kgkgolf.dk\/","logo":{"@type":"ImageObject","inLanguage":"en-GB","@id":"https:\/\/www.kgkgolf.dk\/#\/schema\/logo\/image\/","url":"https:\/\/www.kgkgolf.dk\/wp-content\/uploads\/2017\/04\/kgk-logo.png","contentUrl":"https:\/\/www.kgkgolf.dk\/wp-content\/uploads\/2017\/04\/kgk-logo.png","width":260,"height":262,"caption":"K\u00f8benhavns Golf Klub"},"image":{"@id":"https:\/\/www.kgkgolf.dk\/#\/schema\/logo\/image\/"}}]}},"_links":{"self":[{"href":"https:\/\/www.kgkgolf.dk\/en\/wp-json\/wp\/v2\/pages\/4243","targetHints":{"allow":["GET"]}}],"collection":[{"href":"https:\/\/www.kgkgolf.dk\/en\/wp-json\/wp\/v2\/pages"}],"about":[{"href":"https:\/\/www.kgkgolf.dk\/en\/wp-json\/wp\/v2\/types\/page"}],"author":[{"embeddable":true,"href":"https:\/\/www.kgkgolf.dk\/en\/wp-json\/wp\/v2\/users\/1"}],"replies":[{"embeddable":true,"href":"https:\/\/www.kgkgolf.dk\/en\/wp-json\/wp\/v2\/comments?post=4243"}],"version-history":[{"count":5,"href":"https:\/\/www.kgkgolf.dk\/en\/wp-json\/wp\/v2\/pages\/4243\/revisions"}],"predecessor-version":[{"id":18273,"href":"https:\/\/www.kgkgolf.dk\/en\/wp-json\/wp\/v2\/pages\/4243\/revisions\/18273"}],"wp:featuredmedia":[{"embeddable":true,"href":"https:\/\/www.kgkgolf.dk\/en\/wp-json\/wp\/v2\/media\/8110"}],"wp:attachment":[{"href":"https:\/\/www.kgkgolf.dk\/en\/wp-json\/wp\/v2\/media?parent=4243"}],"curies":[{"name":"wp","href":"https:\/\/api.w.org\/{rel}","templated":true}]}}