{"id":52,"date":"2017-04-19T12:47:55","date_gmt":"2017-04-19T10:47:55","guid":{"rendered":"https:\/\/www.kgkgolf.dk\/?page_id=52"},"modified":"2026-04-01T23:12:42","modified_gmt":"2026-04-01T21:12:42","slug":"tournament-calendar","status":"publish","type":"page","link":"https:\/\/www.kgkgolf.dk\/en\/turneringskalender\/","title":{"rendered":"Tournaments and clubs in the club"},"content":{"rendered":"<div data-elementor-type=\"wp-page\" data-elementor-id=\"52\" class=\"elementor elementor-52\" data-elementor-post-type=\"page\">\n\t\t\t\t<div class=\"elementor-element elementor-element-655ee4a e-flex e-con-boxed e-con e-parent\" data-id=\"655ee4a\" data-element_type=\"container\" data-e-type=\"container\" data-settings=\"{&quot;background_background&quot;:&quot;classic&quot;}\">\n\t\t\t\t\t<div class=\"e-con-inner\">\n\t\t\t\t<div class=\"elementor-element elementor-element-174b496 elementor-widget elementor-widget-heading\" data-id=\"174b496\" data-element_type=\"widget\" data-e-type=\"widget\" data-widget_type=\"heading.default\">\n\t\t\t\t<div class=\"elementor-widget-container\">\n\t\t\t\t\t<h1 class=\"elementor-heading-title elementor-size-default\">Tournament calendar<\/h1>\t\t\t\t<\/div>\n\t\t\t\t<\/div>\n\t\t\t\t\t<\/div>\n\t\t\t\t<\/div>\n\t\t<div class=\"elementor-element elementor-element-50f7672 e-flex e-con-boxed e-con e-parent\" data-id=\"50f7672\" data-element_type=\"container\" data-e-type=\"container\">\n\t\t\t\t\t<div class=\"e-con-inner\">\n\t\t\t\t<div class=\"elementor-element elementor-element-3e06b4d elementor-align-center elementor-widget elementor-widget-button\" data-id=\"3e06b4d\" data-element_type=\"widget\" data-e-type=\"widget\" data-widget_type=\"button.default\">\n\t\t\t\t<div class=\"elementor-widget-container\">\n\t\t\t\t\t\t\t\t\t<div class=\"elementor-button-wrapper\">\n\t\t\t\t\t<a class=\"elementor-button elementor-button-link elementor-size-sm\" href=\"https:\/\/www.kgkgolf.dk\/wp-content\/uploads\/2026\/04\/Almindelige-turneringsbetingelser-fra-april-2025.pdf\">\n\t\t\t\t\t\t<span class=\"elementor-button-content-wrapper\">\n\t\t\t\t\t\t\t\t\t<span class=\"elementor-button-text\">General tournament conditions<\/span>\n\t\t\t\t\t<\/span>\n\t\t\t\t\t<\/a>\n\t\t\t\t<\/div>\n\t\t\t\t\t\t\t\t<\/div>\n\t\t\t\t<\/div>\n\t\t\t\t<div class=\"elementor-element elementor-element-f60e4e7 elementor-widget elementor-widget-html\" data-id=\"f60e4e7\" data-element_type=\"widget\" data-e-type=\"widget\" data-widget_type=\"html.default\">\n\t\t\t\t<div class=\"elementor-widget-container\">\n\t\t\t\t\t<center><div class=\"cookieconsent-optout-marketing cookieconsent-optout cookieconsent-optout-preferences cookieconsent-optout-statistics\">It is necessary to accept all cookies to view the Golfbox tournament calendar.<br><a href=\"javascript: Cookiebot.renew()\">Click here to change your cookie preferences<\/a> and then reload this page.<br><br>Or <a href=\"https:\/\/www.golfbox.dk\/livescoring\/tour\/?language=1030#\/customer\/89\/schedule\" target=\"_blank\">click here to open the tournament calendar on Golfbox&#039;s website<\/a>.<\/div><br>\n<div class=\"cookieconsent-optin-preferences cookieconsent-optin-statistics cookieconsent-optin-marketing\"><a href=\"https:\/\/www.kgkgolf.dk\/en\/tournament-calendar\/\">Reload this page<\/a> if you don&#039;t see the tournament calendar below.<\/center><br><script src=\"https:\/\/scores.golfbox.dk\/api\/js\/schedule\/customerid\/89\/template\/GolfBox\/language\/1030\/\" type=\"text\/javascript\"><\/script><\/div>\n\t\t\t\t<\/div>\n\t\t\t\t<\/div>\n\t\t\t\t\t<\/div>\n\t\t\t\t<\/div>\n\t\t\t\t<\/div>","protected":false},"excerpt":{"rendered":"<p>Tournament Calendar General Tournament Terms and Conditions It is necessary to accept all cookies to view the Golfbox tournament calendar. Click here to change your cookie preferences and then reload this page. Or click here to open the tournament calendar on the Golfbox website. Reload this page if you do not see the tournament calendar below.<\/p>","protected":false},"author":1,"featured_media":8110,"parent":0,"menu_order":0,"comment_status":"closed","ping_status":"closed","template":"elementor_header_footer","meta":{"_acf_changed":false,"footnotes":""},"class_list":["post-52","page","type-page","status-publish","has-post-thumbnail","hentry"],"acf":[],"yoast_head":"<!-- This site is optimized with the Yoast SEO plugin v27.1.1 - https:\/\/yoast.com\/product\/yoast-seo-wordpress\/ -->\n<title>Turneringskalender for K\u00f8benhavns Golf Klub<\/title>\n<meta name=\"robots\" content=\"index, follow, max-snippet:-1, max-image-preview:large, max-video-preview:-1\" \/>\n<link rel=\"canonical\" href=\"https:\/\/www.kgkgolf.dk\/en\/tournament-calendar\/\" \/>\n<meta property=\"og:locale\" content=\"en_GB\" \/>\n<meta property=\"og:type\" content=\"article\" \/>\n<meta property=\"og:title\" content=\"Turneringskalender for K\u00f8benhavns Golf Klub\" \/>\n<meta property=\"og:description\" content=\"Turneringskalender Generelle turneringsbetingelser Det er n\u00f8dvendigt at acceptere alle cookies for at se Golfbox turneringskalenderen.Klik her for at \u00e6ndre dine cookievalg og indl\u00e6s derefter denne side igen. Eller klik her for at \u00e5bne turneringskalenderen p\u00e5 Golfbox&#8217;s hjemmeside. Genindl\u00e6s denne side hvis du ikke ser turneringskalenderen herunder.\" \/>\n<meta property=\"og:url\" content=\"https:\/\/www.kgkgolf.dk\/en\/tournament-calendar\/\" \/>\n<meta property=\"og:site_name\" content=\"K\u00f8benhavns Golf Klub\" \/>\n<meta property=\"article:modified_time\" content=\"2026-04-01T21:12:42+00:00\" \/>\n<meta property=\"og:image\" content=\"https:\/\/www.kgkgolf.dk\/wp-content\/uploads\/2020\/03\/kgk-gaest-bg-2.jpg\" \/>\n\t<meta property=\"og:image:width\" content=\"1700\" \/>\n\t<meta property=\"og:image:height\" content=\"1065\" \/>\n\t<meta property=\"og:image:type\" content=\"image\/jpeg\" \/>\n<meta name=\"twitter:card\" content=\"summary_large_image\" \/>\n<meta name=\"twitter:label1\" content=\"Estimated reading time\" \/>\n\t<meta name=\"twitter:data1\" content=\"1 minute\" \/>\n<script type=\"application\/ld+json\" class=\"yoast-schema-graph\">{\"@context\":\"https:\/\/schema.org\",\"@graph\":[{\"@type\":\"WebPage\",\"@id\":\"https:\/\/www.kgkgolf.dk\/turneringskalender\/\",\"url\":\"https:\/\/www.kgkgolf.dk\/turneringskalender\/\",\"name\":\"Turneringskalender for K\u00f8benhavns Golf Klub\",\"isPartOf\":{\"@id\":\"https:\/\/www.kgkgolf.dk\/#website\"},\"primaryImageOfPage\":{\"@id\":\"https:\/\/www.kgkgolf.dk\/turneringskalender\/#primaryimage\"},\"image\":{\"@id\":\"https:\/\/www.kgkgolf.dk\/turneringskalender\/#primaryimage\"},\"thumbnailUrl\":\"https:\/\/www.kgkgolf.dk\/wp-content\/uploads\/2020\/03\/kgk-gaest-bg-2.jpg\",\"datePublished\":\"2017-04-19T10:47:55+00:00\",\"dateModified\":\"2026-04-01T21:12:42+00:00\",\"breadcrumb\":{\"@id\":\"https:\/\/www.kgkgolf.dk\/turneringskalender\/#breadcrumb\"},\"inLanguage\":\"en-GB\",\"potentialAction\":[{\"@type\":\"ReadAction\",\"target\":[\"https:\/\/www.kgkgolf.dk\/turneringskalender\/\"]}]},{\"@type\":\"ImageObject\",\"inLanguage\":\"en-GB\",\"@id\":\"https:\/\/www.kgkgolf.dk\/turneringskalender\/#primaryimage\",\"url\":\"https:\/\/www.kgkgolf.dk\/wp-content\/uploads\/2020\/03\/kgk-gaest-bg-2.jpg\",\"contentUrl\":\"https:\/\/www.kgkgolf.dk\/wp-content\/uploads\/2020\/03\/kgk-gaest-bg-2.jpg\",\"width\":1700,\"height\":1065,\"caption\":\"Driving range\"},{\"@type\":\"BreadcrumbList\",\"@id\":\"https:\/\/www.kgkgolf.dk\/turneringskalender\/#breadcrumb\",\"itemListElement\":[{\"@type\":\"ListItem\",\"position\":1,\"name\":\"Hjem\",\"item\":\"https:\/\/www.kgkgolf.dk\/\"},{\"@type\":\"ListItem\",\"position\":2,\"name\":\"Turneringer og klubber i klubben\"}]},{\"@type\":\"WebSite\",\"@id\":\"https:\/\/www.kgkgolf.dk\/#website\",\"url\":\"https:\/\/www.kgkgolf.dk\/\",\"name\":\"K\u00f8benhavns Golf Klub\",\"description\":\"Skandinaviens f\u00f8rste golfklub\",\"publisher\":{\"@id\":\"https:\/\/www.kgkgolf.dk\/#organization\"},\"alternateName\":\"KGK\",\"potentialAction\":[{\"@type\":\"SearchAction\",\"target\":{\"@type\":\"EntryPoint\",\"urlTemplate\":\"https:\/\/www.kgkgolf.dk\/?s={search_term_string}\"},\"query-input\":{\"@type\":\"PropertyValueSpecification\",\"valueRequired\":true,\"valueName\":\"search_term_string\"}}],\"inLanguage\":\"en-GB\"},{\"@type\":\"Organization\",\"@id\":\"https:\/\/www.kgkgolf.dk\/#organization\",\"name\":\"K\u00f8benhavns Golf Klub\",\"alternateName\":\"KGK\",\"url\":\"https:\/\/www.kgkgolf.dk\/\",\"logo\":{\"@type\":\"ImageObject\",\"inLanguage\":\"en-GB\",\"@id\":\"https:\/\/www.kgkgolf.dk\/#\/schema\/logo\/image\/\",\"url\":\"https:\/\/www.kgkgolf.dk\/wp-content\/uploads\/2017\/04\/kgk-logo.png\",\"contentUrl\":\"https:\/\/www.kgkgolf.dk\/wp-content\/uploads\/2017\/04\/kgk-logo.png\",\"width\":260,\"height\":262,\"caption\":\"K\u00f8benhavns Golf Klub\"},\"image\":{\"@id\":\"https:\/\/www.kgkgolf.dk\/#\/schema\/logo\/image\/\"}}]}<\/script>\n<!-- \/ Yoast SEO plugin. -->","yoast_head_json":{"title":"Tournament calendar for Copenhagen Golf Club","robots":{"index":"index","follow":"follow","max-snippet":"max-snippet:-1","max-image-preview":"max-image-preview:large","max-video-preview":"max-video-preview:-1"},"canonical":"https:\/\/www.kgkgolf.dk\/en\/tournament-calendar\/","og_locale":"en_GB","og_type":"article","og_title":"Turneringskalender for K\u00f8benhavns Golf Klub","og_description":"Turneringskalender Generelle turneringsbetingelser Det er n\u00f8dvendigt at acceptere alle cookies for at se Golfbox turneringskalenderen.Klik her for at \u00e6ndre dine cookievalg og indl\u00e6s derefter denne side igen. Eller klik her for at \u00e5bne turneringskalenderen p\u00e5 Golfbox&#8217;s hjemmeside. Genindl\u00e6s denne side hvis du ikke ser turneringskalenderen herunder.","og_url":"https:\/\/www.kgkgolf.dk\/en\/tournament-calendar\/","og_site_name":"K\u00f8benhavns Golf Klub","article_modified_time":"2026-04-01T21:12:42+00:00","og_image":[{"width":1700,"height":1065,"url":"https:\/\/www.kgkgolf.dk\/wp-content\/uploads\/2020\/03\/kgk-gaest-bg-2.jpg","type":"image\/jpeg"}],"twitter_card":"summary_large_image","twitter_misc":{"Estimated reading time":"1 minute"},"schema":{"@context":"https:\/\/schema.org","@graph":[{"@type":"WebPage","@id":"https:\/\/www.kgkgolf.dk\/turneringskalender\/","url":"https:\/\/www.kgkgolf.dk\/turneringskalender\/","name":"Tournament calendar for Copenhagen Golf Club","isPartOf":{"@id":"https:\/\/www.kgkgolf.dk\/#website"},"primaryImageOfPage":{"@id":"https:\/\/www.kgkgolf.dk\/turneringskalender\/#primaryimage"},"image":{"@id":"https:\/\/www.kgkgolf.dk\/turneringskalender\/#primaryimage"},"thumbnailUrl":"https:\/\/www.kgkgolf.dk\/wp-content\/uploads\/2020\/03\/kgk-gaest-bg-2.jpg","datePublished":"2017-04-19T10:47:55+00:00","dateModified":"2026-04-01T21:12:42+00:00","breadcrumb":{"@id":"https:\/\/www.kgkgolf.dk\/turneringskalender\/#breadcrumb"},"inLanguage":"en-GB","potentialAction":[{"@type":"ReadAction","target":["https:\/\/www.kgkgolf.dk\/turneringskalender\/"]}]},{"@type":"ImageObject","inLanguage":"en-GB","@id":"https:\/\/www.kgkgolf.dk\/turneringskalender\/#primaryimage","url":"https:\/\/www.kgkgolf.dk\/wp-content\/uploads\/2020\/03\/kgk-gaest-bg-2.jpg","contentUrl":"https:\/\/www.kgkgolf.dk\/wp-content\/uploads\/2020\/03\/kgk-gaest-bg-2.jpg","width":1700,"height":1065,"caption":"Driving range"},{"@type":"BreadcrumbList","@id":"https:\/\/www.kgkgolf.dk\/turneringskalender\/#breadcrumb","itemListElement":[{"@type":"ListItem","position":1,"name":"Hjem","item":"https:\/\/www.kgkgolf.dk\/"},{"@type":"ListItem","position":2,"name":"Turneringer og klubber i klubben"}]},{"@type":"WebSite","@id":"https:\/\/www.kgkgolf.dk\/#website","url":"https:\/\/www.kgkgolf.dk\/","name":"Copenhagen Golf Club","description":"Scandinavia&#039;s first golf club","publisher":{"@id":"https:\/\/www.kgkgolf.dk\/#organization"},"alternateName":"KGK","potentialAction":[{"@type":"SearchAction","target":{"@type":"EntryPoint","urlTemplate":"https:\/\/www.kgkgolf.dk\/?s={search_term_string}"},"query-input":{"@type":"PropertyValueSpecification","valueRequired":true,"valueName":"search_term_string"}}],"inLanguage":"en-GB"},{"@type":"Organization","@id":"https:\/\/www.kgkgolf.dk\/#organization","name":"Copenhagen Golf Club","alternateName":"KGK","url":"https:\/\/www.kgkgolf.dk\/","logo":{"@type":"ImageObject","inLanguage":"en-GB","@id":"https:\/\/www.kgkgolf.dk\/#\/schema\/logo\/image\/","url":"https:\/\/www.kgkgolf.dk\/wp-content\/uploads\/2017\/04\/kgk-logo.png","contentUrl":"https:\/\/www.kgkgolf.dk\/wp-content\/uploads\/2017\/04\/kgk-logo.png","width":260,"height":262,"caption":"K\u00f8benhavns Golf Klub"},"image":{"@id":"https:\/\/www.kgkgolf.dk\/#\/schema\/logo\/image\/"}}]}},"_links":{"self":[{"href":"https:\/\/www.kgkgolf.dk\/en\/wp-json\/wp\/v2\/pages\/52","targetHints":{"allow":["GET"]}}],"collection":[{"href":"https:\/\/www.kgkgolf.dk\/en\/wp-json\/wp\/v2\/pages"}],"about":[{"href":"https:\/\/www.kgkgolf.dk\/en\/wp-json\/wp\/v2\/types\/page"}],"author":[{"embeddable":true,"href":"https:\/\/www.kgkgolf.dk\/en\/wp-json\/wp\/v2\/users\/1"}],"replies":[{"embeddable":true,"href":"https:\/\/www.kgkgolf.dk\/en\/wp-json\/wp\/v2\/comments?post=52"}],"version-history":[{"count":9,"href":"https:\/\/www.kgkgolf.dk\/en\/wp-json\/wp\/v2\/pages\/52\/revisions"}],"predecessor-version":[{"id":20034,"href":"https:\/\/www.kgkgolf.dk\/en\/wp-json\/wp\/v2\/pages\/52\/revisions\/20034"}],"wp:featuredmedia":[{"embeddable":true,"href":"https:\/\/www.kgkgolf.dk\/en\/wp-json\/wp\/v2\/media\/8110"}],"wp:attachment":[{"href":"https:\/\/www.kgkgolf.dk\/en\/wp-json\/wp\/v2\/media?parent=52"}],"curies":[{"name":"wp","href":"https:\/\/api.w.org\/{rel}","templated":true}]}}