{"id":7513,"date":"2020-01-24T11:19:43","date_gmt":"2020-01-24T10:19:43","guid":{"rendered":"https:\/\/www.kgkgolf.dk\/?page_id=7513"},"modified":"2026-04-17T08:55:38","modified_gmt":"2026-04-17T06:55:38","slug":"are-you-looking-for-a-new-golf-club","status":"publish","type":"page","link":"https:\/\/www.kgkgolf.dk\/en\/soeger-du-ny-golfklub\/","title":{"rendered":"Are you looking for a new golf club?"},"content":{"rendered":"<div data-elementor-type=\"wp-page\" data-elementor-id=\"7513\" class=\"elementor elementor-7513\" data-elementor-post-type=\"page\">\n\t\t\t\t<div class=\"elementor-element elementor-element-017cf32 e-flex e-con-boxed e-con e-parent\" data-id=\"017cf32\" data-element_type=\"container\" data-e-type=\"container\" data-settings=\"{&quot;background_background&quot;:&quot;classic&quot;}\">\n\t\t\t\t\t<div class=\"e-con-inner\">\n\t\t\t\t<div class=\"elementor-element elementor-element-64dcfd6 elementor-widget elementor-widget-heading\" data-id=\"64dcfd6\" data-element_type=\"widget\" data-e-type=\"widget\" data-widget_type=\"heading.default\">\n\t\t\t\t<div class=\"elementor-widget-container\">\n\t\t\t\t\t<h1 class=\"elementor-heading-title elementor-size-default\">ARE YOU LOOKING FOR A NEW GOLF CLUB?<\/h1>\t\t\t\t<\/div>\n\t\t\t\t<\/div>\n\t\t\t\t\t<\/div>\n\t\t\t\t<\/div>\n\t\t<div class=\"elementor-element elementor-element-b697dac e-flex e-con-boxed e-con e-parent\" data-id=\"b697dac\" data-element_type=\"container\" data-e-type=\"container\">\n\t\t\t\t\t<div class=\"e-con-inner\">\n\t\t\t\t<div class=\"elementor-element elementor-element-1ee91e3 elementor-widget elementor-widget-menu-anchor\" data-id=\"1ee91e3\" data-element_type=\"widget\" data-e-type=\"widget\" data-widget_type=\"menu-anchor.default\">\n\t\t\t\t<div class=\"elementor-widget-container\">\n\t\t\t\t\t\t\t<div class=\"elementor-menu-anchor\" id=\"kommiteen\"><\/div>\n\t\t\t\t\t\t<\/div>\n\t\t\t\t<\/div>\n\t\t\t\t<div class=\"elementor-element elementor-element-84d9ca5 elementor-widget elementor-widget-menu-anchor\" data-id=\"84d9ca5\" data-element_type=\"widget\" data-e-type=\"widget\" data-widget_type=\"menu-anchor.default\">\n\t\t\t\t<div class=\"elementor-widget-container\">\n\t\t\t\t\t\t\t<div class=\"elementor-menu-anchor\" id=\"opstart\"><\/div>\n\t\t\t\t\t\t<\/div>\n\t\t\t\t<\/div>\n\t\t\t\t<div class=\"elementor-element elementor-element-d8a6fe8 elementor-widget elementor-widget-heading\" data-id=\"d8a6fe8\" data-element_type=\"widget\" data-e-type=\"widget\" data-widget_type=\"heading.default\">\n\t\t\t\t<div class=\"elementor-widget-container\">\n\t\t\t\t\t<h2 class=\"elementor-heading-title elementor-size-default\">If you are looking for a new club, we think it must be the easiest choice in the world to apply to Copenhagen Golf Club in Kongens Dyrehave.<\/h2>\t\t\t\t<\/div>\n\t\t\t\t<\/div>\n\t\t\t\t<div class=\"elementor-element elementor-element-c2c14d3 elementor-widget elementor-widget-text-editor\" data-id=\"c2c14d3\" data-element_type=\"widget\" data-e-type=\"widget\" data-widget_type=\"text-editor.default\">\n\t\t\t\t<div class=\"elementor-widget-container\">\n\t\t\t\t\t\t\t\t\t<p>Not said to boast, but rather in gratitude for all the wonderful things we are so privileged to enjoy \u2013 and be able to offer:<\/p>\t\t\t\t\t\t\t\t<\/div>\n\t\t\t\t<\/div>\n\t\t\t\t<div class=\"elementor-element elementor-element-e9aec9e elementor-widget elementor-widget-heading\" data-id=\"e9aec9e\" data-element_type=\"widget\" data-e-type=\"widget\" data-widget_type=\"heading.default\">\n\t\t\t\t<div class=\"elementor-widget-container\">\n\t\t\t\t\t<h3 class=\"elementor-heading-title elementor-size-default\">The course is open year-round.\n<\/h3>\t\t\t\t<\/div>\n\t\t\t\t<\/div>\n\t\t\t\t<div class=\"elementor-element elementor-element-ad10fd0 elementor-widget elementor-widget-text-editor\" data-id=\"ad10fd0\" data-element_type=\"widget\" data-e-type=\"widget\" data-widget_type=\"text-editor.default\">\n\t\t\t\t<div class=\"elementor-widget-container\">\n\t\t\t\t\t\t\t\t\t<p>Our 18-hole course is often mentioned as one of the 20 best in Denmark, and our 15th hole has been chosen by Dansk Golf as one of the country&#039;s 18 best golf holes. The course is an open natural course, carefully laid out in the landscape. The greens are good and firm, and there are well-designed and challenging green surroundings, so you benefit from all facets of short game. And we play on summer greens all year round. The soil here drains so well that the course is a pleasure all year round. The course is also operated 100% pesticide-free.<\/p><p>There are 10 minutes between starts, and almost always free times and plenty of space on the course. Every other time can be booked in Golfbox, the rest can only be booked as ball running times by attending the club.<\/p>\t\t\t\t\t\t\t\t<\/div>\n\t\t\t\t<\/div>\n\t\t\t\t\t<\/div>\n\t\t\t\t<\/div>\n\t\t<div class=\"elementor-element elementor-element-ddec6f9 e-grid e-con-boxed e-con e-parent\" data-id=\"ddec6f9\" data-element_type=\"container\" data-e-type=\"container\">\n\t\t\t\t\t<div class=\"e-con-inner\">\n\t\t<div class=\"elementor-element elementor-element-db5ec17 e-con-full e-flex e-con e-child\" data-id=\"db5ec17\" data-element_type=\"container\" data-e-type=\"container\" data-settings=\"{&quot;background_background&quot;:&quot;classic&quot;}\">\n\t\t\t\t<\/div>\n\t\t<div class=\"elementor-element elementor-element-bc18117 e-con-full e-flex e-con e-child\" data-id=\"bc18117\" data-element_type=\"container\" data-e-type=\"container\" data-settings=\"{&quot;background_background&quot;:&quot;classic&quot;}\">\n\t\t\t\t<div class=\"elementor-element elementor-element-abbed59 elementor-widget elementor-widget-heading\" data-id=\"abbed59\" data-element_type=\"widget\" data-e-type=\"widget\" data-widget_type=\"heading.default\">\n\t\t\t\t<div class=\"elementor-widget-container\">\n\t\t\t\t\t<h3 class=\"elementor-heading-title elementor-size-default\">Good training conditions<\/h3>\t\t\t\t<\/div>\n\t\t\t\t<\/div>\n\t\t\t\t<div class=\"elementor-element elementor-element-10f25a0 elementor-widget elementor-widget-text-editor\" data-id=\"10f25a0\" data-element_type=\"widget\" data-e-type=\"widget\" data-widget_type=\"text-editor.default\">\n\t\t\t\t<div class=\"elementor-widget-container\">\n\t\t\t\t\t\t\t\t\t<p>Our large driving range right next to the clubhouse is open all year round, and from about May to October we mow the grass.<\/p><p>If you turn around, the very large chip and putting green is right behind you, so all types of shots can be practiced without having to make long walks. Practice balls are available for free use for members and paying guests.<\/p><p>In the fall of 2020, a new short game area was built, where it is possible to practice pitch shots and high pitches less than 50m from the driving range. We also have the opportunity to practice indoors, where the swing can be checked in the large mirrors.<\/p><p>We have two permanent PGA pros employed and offer lessons and group training \u2013 indoors and outdoors \u2013 year-round.<\/p>\t\t\t\t\t\t\t\t<\/div>\n\t\t\t\t<\/div>\n\t\t\t\t<\/div>\n\t\t<div class=\"elementor-element elementor-element-27a7373 e-con-full e-flex e-con e-child\" data-id=\"27a7373\" data-element_type=\"container\" data-e-type=\"container\" data-settings=\"{&quot;background_background&quot;:&quot;classic&quot;}\">\n\t\t\t\t<div class=\"elementor-element elementor-element-80fd456 elementor-widget elementor-widget-heading\" data-id=\"80fd456\" data-element_type=\"widget\" data-e-type=\"widget\" data-widget_type=\"heading.default\">\n\t\t\t\t<div class=\"elementor-widget-container\">\n\t\t\t\t\t<h3 class=\"elementor-heading-title elementor-size-default\">Make new golf friends quickly<\/h3>\t\t\t\t<\/div>\n\t\t\t\t<\/div>\n\t\t\t\t<div class=\"elementor-element elementor-element-12aaa96 elementor-widget elementor-widget-text-editor\" data-id=\"12aaa96\" data-element_type=\"widget\" data-e-type=\"widget\" data-widget_type=\"text-editor.default\">\n\t\t\t\t<div class=\"elementor-widget-container\">\n\t\t\t\t\t\t\t\t\t<p>We have a suitable number of clubs in the club where you can get to know members. There are regular, weekly tournaments such as ladies&#039; day on Tuesday morning, the weekly tournament for everyone (A, B and C ranks) on Tuesday afternoon, juniors on Thursday afternoon and oldboys on Friday, etc. And there are a large number of club tournaments throughout the season, where the tournament committee arranges the teams so that new members meet both old and new.<\/p><p>You also have the opportunity to offer yourself to our many club teams under DGU&#039;s regional and divisional golf, where we are widely represented.<\/p><p>The business club plays approximately once a month all year round, and is a good opportunity to network with an extra dimension.<\/p><p>If you play bridge, there is also the opportunity for many good days at the club, but only in the winter as golf is the most important thing.<\/p><p>In 2019, we built a beautiful petanque court by the clubhouse terrace, and boules can be borrowed in the restaurant.<\/p>\t\t\t\t\t\t\t\t<\/div>\n\t\t\t\t<\/div>\n\t\t\t\t<\/div>\n\t\t<div class=\"elementor-element elementor-element-4dbe81b e-con-full e-flex e-con e-child\" data-id=\"4dbe81b\" data-element_type=\"container\" data-e-type=\"container\" data-settings=\"{&quot;background_background&quot;:&quot;classic&quot;}\">\n\t\t\t\t<\/div>\n\t\t<div class=\"elementor-element elementor-element-5b84680 e-con-full elementor-hidden-mobile e-flex e-con e-child\" data-id=\"5b84680\" data-element_type=\"container\" data-e-type=\"container\" data-settings=\"{&quot;background_background&quot;:&quot;classic&quot;}\">\n\t\t\t\t<\/div>\n\t\t<div class=\"elementor-element elementor-element-8c718b3 e-con-full e-flex e-con e-child\" data-id=\"8c718b3\" data-element_type=\"container\" data-e-type=\"container\" data-settings=\"{&quot;background_background&quot;:&quot;classic&quot;}\">\n\t\t\t\t<div class=\"elementor-element elementor-element-fd8d865 elementor-widget elementor-widget-heading\" data-id=\"fd8d865\" data-element_type=\"widget\" data-e-type=\"widget\" data-widget_type=\"heading.default\">\n\t\t\t\t<div class=\"elementor-widget-container\">\n\t\t\t\t\t<h3 class=\"elementor-heading-title elementor-size-default\">The restaurant is open all year round \u2013 for you and your guests.<\/h3>\t\t\t\t<\/div>\n\t\t\t\t<\/div>\n\t\t\t\t<div class=\"elementor-element elementor-element-7b664a1 elementor-widget elementor-widget-text-editor\" data-id=\"7b664a1\" data-element_type=\"widget\" data-e-type=\"widget\" data-widget_type=\"text-editor.default\">\n\t\t\t\t<div class=\"elementor-widget-container\">\n\t\t\t\t\t\t\t\t\t<p>Our beautiful restaurant is open all year round. So you can always have a drink and a meal after your round. Or enjoy a cup of hot cocoa in front of the fireplace on a winter day. And there is usually also the option to buy the dish of the day to take home \u2013 this gives you a little extra time to relax with your golf friends before you have to leave the forest.<\/p><p>The restaurant may (as a requirement from the Danish Forest and Nature Agency) only be used by the club&#039;s members and their guests, so it is an extra, luxurious experience for many of us to be able to go on a picnic with family or friends and invite them to our club in the middle of Dyrehaven.<\/p>\t\t\t\t\t\t\t\t<\/div>\n\t\t\t\t<\/div>\n\t\t\t\t<\/div>\n\t\t\t\t\t<\/div>\n\t\t\t\t<\/div>\n\t\t<div class=\"elementor-element elementor-element-4501aea e-flex e-con-boxed e-con e-parent\" data-id=\"4501aea\" data-element_type=\"container\" data-e-type=\"container\" data-settings=\"{&quot;background_background&quot;:&quot;classic&quot;}\">\n\t\t\t\t\t<div class=\"e-con-inner\">\n\t\t\t\t<div class=\"elementor-element elementor-element-05da105 elementor-widget elementor-widget-menu-anchor\" data-id=\"05da105\" data-element_type=\"widget\" data-e-type=\"widget\" data-widget_type=\"menu-anchor.default\">\n\t\t\t\t<div class=\"elementor-widget-container\">\n\t\t\t\t\t\t\t<div class=\"elementor-menu-anchor\" id=\"om\"><\/div>\n\t\t\t\t\t\t<\/div>\n\t\t\t\t<\/div>\n\t\t\t\t<div class=\"elementor-element elementor-element-88c47d9 elementor-widget elementor-widget-heading\" data-id=\"88c47d9\" data-element_type=\"widget\" data-e-type=\"widget\" data-widget_type=\"heading.default\">\n\t\t\t\t<div class=\"elementor-widget-container\">\n\t\t\t\t\t<h2 class=\"elementor-heading-title elementor-size-default\">Contact for a tour<\/h2>\t\t\t\t<\/div>\n\t\t\t\t<\/div>\n\t\t\t\t<div class=\"elementor-element elementor-element-2faac94 elementor-widget elementor-widget-text-editor\" data-id=\"2faac94\" data-element_type=\"widget\" data-e-type=\"widget\" data-widget_type=\"text-editor.default\">\n\t\t\t\t<div class=\"elementor-widget-container\">\n\t\t\t\t\t\t\t\t\t<p>Whether you&#039;re missing something or you&#039;re already convinced,\u00a0<a href=\"mailto:tu@kgkgolf.dk\" target=\"_blank\" rel=\"noopener noreferrer\">contact our director Tuula Undall<\/a>\u00a0for a tour and answers to your questions.<\/p>\t\t\t\t\t\t\t\t<\/div>\n\t\t\t\t<\/div>\n\t\t\t\t\t<\/div>\n\t\t\t\t<\/div>\n\t\t\t\t<\/div>","protected":false},"excerpt":{"rendered":"<p>S\u00d8GER DU NY GOLFKLUB? S\u00f8ger du ny klub, s\u00e5 synes vi, at det m\u00e5 v\u00e6re verdens letteste valg at s\u00f8ge til K\u00f8benhavns Golf Klub i Kongens Dyrehave. Ikke sagt for at hovere, men derimod i taknemmelighed over alt det vidunderlige vi er s\u00e5 privilegerede at nyde \u2013 og kunne tilbyde: Banen er \u00e5ben \u00e5ret rundt [&hellip;]<\/p>\n","protected":false},"author":1,"featured_media":8110,"parent":0,"menu_order":0,"comment_status":"closed","ping_status":"closed","template":"full-width.php","meta":{"_acf_changed":false,"footnotes":""},"class_list":["post-7513","page","type-page","status-publish","has-post-thumbnail","hentry"],"acf":[],"yoast_head":"<!-- This site is optimized with the Yoast SEO plugin v27.1.1 - https:\/\/yoast.com\/product\/yoast-seo-wordpress\/ -->\n<title>S\u00f8ger du ny golfklub? - K\u00f8benhavns Golf Klub<\/title>\n<meta name=\"description\" content=\"S\u00f8ger du ny klub, s\u00e5 synes vi, at det m\u00e5 v\u00e6re verdens letteste valg at s\u00f8ge til K\u00f8benhavns Golf Klub i Kongens Dyrehave. L\u00e6s mere her\" \/>\n<meta name=\"robots\" content=\"index, follow, max-snippet:-1, max-image-preview:large, max-video-preview:-1\" \/>\n<link rel=\"canonical\" href=\"https:\/\/www.kgkgolf.dk\/en\/are-you-looking-for-a-new-golf-club\/\" \/>\n<meta property=\"og:locale\" content=\"en_GB\" \/>\n<meta property=\"og:type\" content=\"article\" \/>\n<meta property=\"og:title\" content=\"S\u00f8ger du ny golfklub? - K\u00f8benhavns Golf Klub\" \/>\n<meta property=\"og:description\" content=\"S\u00f8ger du ny klub, s\u00e5 synes vi, at det m\u00e5 v\u00e6re verdens letteste valg at s\u00f8ge til K\u00f8benhavns Golf Klub i Kongens Dyrehave. L\u00e6s mere her\" \/>\n<meta property=\"og:url\" content=\"https:\/\/www.kgkgolf.dk\/en\/are-you-looking-for-a-new-golf-club\/\" \/>\n<meta property=\"og:site_name\" content=\"K\u00f8benhavns Golf Klub\" \/>\n<meta property=\"article:modified_time\" content=\"2026-04-17T06:55:38+00:00\" \/>\n<meta property=\"og:image\" content=\"https:\/\/www.kgkgolf.dk\/wp-content\/uploads\/2020\/03\/kgk-gaest-bg-2.jpg\" \/>\n\t<meta property=\"og:image:width\" content=\"1700\" \/>\n\t<meta property=\"og:image:height\" content=\"1065\" \/>\n\t<meta property=\"og:image:type\" content=\"image\/jpeg\" \/>\n<meta name=\"twitter:card\" content=\"summary_large_image\" \/>\n<meta name=\"twitter:label1\" content=\"Estimated reading time\" \/>\n\t<meta name=\"twitter:data1\" content=\"3 minutes\" \/>\n<script type=\"application\/ld+json\" class=\"yoast-schema-graph\">{\"@context\":\"https:\/\/schema.org\",\"@graph\":[{\"@type\":\"WebPage\",\"@id\":\"https:\/\/www.kgkgolf.dk\/soeger-du-ny-golfklub\/\",\"url\":\"https:\/\/www.kgkgolf.dk\/soeger-du-ny-golfklub\/\",\"name\":\"S\u00f8ger du ny golfklub? - K\u00f8benhavns Golf Klub\",\"isPartOf\":{\"@id\":\"https:\/\/www.kgkgolf.dk\/#website\"},\"primaryImageOfPage\":{\"@id\":\"https:\/\/www.kgkgolf.dk\/soeger-du-ny-golfklub\/#primaryimage\"},\"image\":{\"@id\":\"https:\/\/www.kgkgolf.dk\/soeger-du-ny-golfklub\/#primaryimage\"},\"thumbnailUrl\":\"https:\/\/www.kgkgolf.dk\/wp-content\/uploads\/2020\/03\/kgk-gaest-bg-2.jpg\",\"datePublished\":\"2020-01-24T10:19:43+00:00\",\"dateModified\":\"2026-04-17T06:55:38+00:00\",\"description\":\"S\u00f8ger du ny klub, s\u00e5 synes vi, at det m\u00e5 v\u00e6re verdens letteste valg at s\u00f8ge til K\u00f8benhavns Golf Klub i Kongens Dyrehave. L\u00e6s mere her\",\"breadcrumb\":{\"@id\":\"https:\/\/www.kgkgolf.dk\/soeger-du-ny-golfklub\/#breadcrumb\"},\"inLanguage\":\"en-GB\",\"potentialAction\":[{\"@type\":\"ReadAction\",\"target\":[\"https:\/\/www.kgkgolf.dk\/soeger-du-ny-golfklub\/\"]}]},{\"@type\":\"ImageObject\",\"inLanguage\":\"en-GB\",\"@id\":\"https:\/\/www.kgkgolf.dk\/soeger-du-ny-golfklub\/#primaryimage\",\"url\":\"https:\/\/www.kgkgolf.dk\/wp-content\/uploads\/2020\/03\/kgk-gaest-bg-2.jpg\",\"contentUrl\":\"https:\/\/www.kgkgolf.dk\/wp-content\/uploads\/2020\/03\/kgk-gaest-bg-2.jpg\",\"width\":1700,\"height\":1065,\"caption\":\"Driving range\"},{\"@type\":\"BreadcrumbList\",\"@id\":\"https:\/\/www.kgkgolf.dk\/soeger-du-ny-golfklub\/#breadcrumb\",\"itemListElement\":[{\"@type\":\"ListItem\",\"position\":1,\"name\":\"Hjem\",\"item\":\"https:\/\/www.kgkgolf.dk\/\"},{\"@type\":\"ListItem\",\"position\":2,\"name\":\"S\u00f8ger du ny golfklub?\"}]},{\"@type\":\"WebSite\",\"@id\":\"https:\/\/www.kgkgolf.dk\/#website\",\"url\":\"https:\/\/www.kgkgolf.dk\/\",\"name\":\"K\u00f8benhavns Golf Klub\",\"description\":\"Skandinaviens f\u00f8rste golfklub\",\"publisher\":{\"@id\":\"https:\/\/www.kgkgolf.dk\/#organization\"},\"alternateName\":\"KGK\",\"potentialAction\":[{\"@type\":\"SearchAction\",\"target\":{\"@type\":\"EntryPoint\",\"urlTemplate\":\"https:\/\/www.kgkgolf.dk\/?s={search_term_string}\"},\"query-input\":{\"@type\":\"PropertyValueSpecification\",\"valueRequired\":true,\"valueName\":\"search_term_string\"}}],\"inLanguage\":\"en-GB\"},{\"@type\":\"Organization\",\"@id\":\"https:\/\/www.kgkgolf.dk\/#organization\",\"name\":\"K\u00f8benhavns Golf Klub\",\"alternateName\":\"KGK\",\"url\":\"https:\/\/www.kgkgolf.dk\/\",\"logo\":{\"@type\":\"ImageObject\",\"inLanguage\":\"en-GB\",\"@id\":\"https:\/\/www.kgkgolf.dk\/#\/schema\/logo\/image\/\",\"url\":\"https:\/\/www.kgkgolf.dk\/wp-content\/uploads\/2017\/04\/kgk-logo.png\",\"contentUrl\":\"https:\/\/www.kgkgolf.dk\/wp-content\/uploads\/2017\/04\/kgk-logo.png\",\"width\":260,\"height\":262,\"caption\":\"K\u00f8benhavns Golf Klub\"},\"image\":{\"@id\":\"https:\/\/www.kgkgolf.dk\/#\/schema\/logo\/image\/\"}}]}<\/script>\n<!-- \/ Yoast SEO plugin. -->","yoast_head_json":{"title":"Are you looking for a new golf club? - Copenhagen Golf Club","description":"If you are looking for a new club, we think it must be the easiest choice in the world to apply to Copenhagen Golf Club in Kongens Dyrehave. Read more here","robots":{"index":"index","follow":"follow","max-snippet":"max-snippet:-1","max-image-preview":"max-image-preview:large","max-video-preview":"max-video-preview:-1"},"canonical":"https:\/\/www.kgkgolf.dk\/en\/are-you-looking-for-a-new-golf-club\/","og_locale":"en_GB","og_type":"article","og_title":"S\u00f8ger du ny golfklub? - K\u00f8benhavns Golf Klub","og_description":"S\u00f8ger du ny klub, s\u00e5 synes vi, at det m\u00e5 v\u00e6re verdens letteste valg at s\u00f8ge til K\u00f8benhavns Golf Klub i Kongens Dyrehave. L\u00e6s mere her","og_url":"https:\/\/www.kgkgolf.dk\/en\/are-you-looking-for-a-new-golf-club\/","og_site_name":"K\u00f8benhavns Golf Klub","article_modified_time":"2026-04-17T06:55:38+00:00","og_image":[{"width":1700,"height":1065,"url":"https:\/\/www.kgkgolf.dk\/wp-content\/uploads\/2020\/03\/kgk-gaest-bg-2.jpg","type":"image\/jpeg"}],"twitter_card":"summary_large_image","twitter_misc":{"Estimated reading time":"3 minutes"},"schema":{"@context":"https:\/\/schema.org","@graph":[{"@type":"WebPage","@id":"https:\/\/www.kgkgolf.dk\/soeger-du-ny-golfklub\/","url":"https:\/\/www.kgkgolf.dk\/soeger-du-ny-golfklub\/","name":"Are you looking for a new golf club? - Copenhagen Golf Club","isPartOf":{"@id":"https:\/\/www.kgkgolf.dk\/#website"},"primaryImageOfPage":{"@id":"https:\/\/www.kgkgolf.dk\/soeger-du-ny-golfklub\/#primaryimage"},"image":{"@id":"https:\/\/www.kgkgolf.dk\/soeger-du-ny-golfklub\/#primaryimage"},"thumbnailUrl":"https:\/\/www.kgkgolf.dk\/wp-content\/uploads\/2020\/03\/kgk-gaest-bg-2.jpg","datePublished":"2020-01-24T10:19:43+00:00","dateModified":"2026-04-17T06:55:38+00:00","description":"If you are looking for a new club, we think it must be the easiest choice in the world to apply to Copenhagen Golf Club in Kongens Dyrehave. Read more here","breadcrumb":{"@id":"https:\/\/www.kgkgolf.dk\/soeger-du-ny-golfklub\/#breadcrumb"},"inLanguage":"en-GB","potentialAction":[{"@type":"ReadAction","target":["https:\/\/www.kgkgolf.dk\/soeger-du-ny-golfklub\/"]}]},{"@type":"ImageObject","inLanguage":"en-GB","@id":"https:\/\/www.kgkgolf.dk\/soeger-du-ny-golfklub\/#primaryimage","url":"https:\/\/www.kgkgolf.dk\/wp-content\/uploads\/2020\/03\/kgk-gaest-bg-2.jpg","contentUrl":"https:\/\/www.kgkgolf.dk\/wp-content\/uploads\/2020\/03\/kgk-gaest-bg-2.jpg","width":1700,"height":1065,"caption":"Driving range"},{"@type":"BreadcrumbList","@id":"https:\/\/www.kgkgolf.dk\/soeger-du-ny-golfklub\/#breadcrumb","itemListElement":[{"@type":"ListItem","position":1,"name":"Hjem","item":"https:\/\/www.kgkgolf.dk\/"},{"@type":"ListItem","position":2,"name":"S\u00f8ger du ny golfklub?"}]},{"@type":"WebSite","@id":"https:\/\/www.kgkgolf.dk\/#website","url":"https:\/\/www.kgkgolf.dk\/","name":"Copenhagen Golf Club","description":"Scandinavia&#039;s first golf club","publisher":{"@id":"https:\/\/www.kgkgolf.dk\/#organization"},"alternateName":"KGK","potentialAction":[{"@type":"SearchAction","target":{"@type":"EntryPoint","urlTemplate":"https:\/\/www.kgkgolf.dk\/?s={search_term_string}"},"query-input":{"@type":"PropertyValueSpecification","valueRequired":true,"valueName":"search_term_string"}}],"inLanguage":"en-GB"},{"@type":"Organization","@id":"https:\/\/www.kgkgolf.dk\/#organization","name":"Copenhagen Golf Club","alternateName":"KGK","url":"https:\/\/www.kgkgolf.dk\/","logo":{"@type":"ImageObject","inLanguage":"en-GB","@id":"https:\/\/www.kgkgolf.dk\/#\/schema\/logo\/image\/","url":"https:\/\/www.kgkgolf.dk\/wp-content\/uploads\/2017\/04\/kgk-logo.png","contentUrl":"https:\/\/www.kgkgolf.dk\/wp-content\/uploads\/2017\/04\/kgk-logo.png","width":260,"height":262,"caption":"K\u00f8benhavns Golf Klub"},"image":{"@id":"https:\/\/www.kgkgolf.dk\/#\/schema\/logo\/image\/"}}]}},"_links":{"self":[{"href":"https:\/\/www.kgkgolf.dk\/en\/wp-json\/wp\/v2\/pages\/7513","targetHints":{"allow":["GET"]}}],"collection":[{"href":"https:\/\/www.kgkgolf.dk\/en\/wp-json\/wp\/v2\/pages"}],"about":[{"href":"https:\/\/www.kgkgolf.dk\/en\/wp-json\/wp\/v2\/types\/page"}],"author":[{"embeddable":true,"href":"https:\/\/www.kgkgolf.dk\/en\/wp-json\/wp\/v2\/users\/1"}],"replies":[{"embeddable":true,"href":"https:\/\/www.kgkgolf.dk\/en\/wp-json\/wp\/v2\/comments?post=7513"}],"version-history":[{"count":29,"href":"https:\/\/www.kgkgolf.dk\/en\/wp-json\/wp\/v2\/pages\/7513\/revisions"}],"predecessor-version":[{"id":20193,"href":"https:\/\/www.kgkgolf.dk\/en\/wp-json\/wp\/v2\/pages\/7513\/revisions\/20193"}],"wp:featuredmedia":[{"embeddable":true,"href":"https:\/\/www.kgkgolf.dk\/en\/wp-json\/wp\/v2\/media\/8110"}],"wp:attachment":[{"href":"https:\/\/www.kgkgolf.dk\/en\/wp-json\/wp\/v2\/media?parent=7513"}],"curies":[{"name":"wp","href":"https:\/\/api.w.org\/{rel}","templated":true}]}}